{"id":17968,"date":"2025-09-11T15:40:15","date_gmt":"2025-09-11T13:40:15","guid":{"rendered":"https:\/\/www.carseatsandparts.com\/?post_type=product&#038;p=17968"},"modified":"2025-09-30T16:12:34","modified_gmt":"2025-09-30T14:12:34","slug":"vrachtwagenstoel-c-6000-mercedes-actros-3-stof-zwart","status":"publish","type":"product","link":"https:\/\/www.carseatsandparts.com\/de\/produkt\/vrachtwagenstoel-c-6000-mercedes-actros-3-stof-zwart\/","title":{"rendered":"Lkw-Sitz C 6000 Mercedes Actros 3 Stoff Schwarz"},"content":{"rendered":"","protected":false},"excerpt":{"rendered":"Der unkomplizierte Stuhl f\u00fcr den t\u00e4glichen Gebrauch, Komfort auf jeder Oberfl\u00e4che.\r\n\r\nMit dem C 6000 hat RECARO einen Basissitz auf den Markt gebracht, der in vielen F\u00e4llen f\u00fcr den anspruchsvollen Fahrer im Bus oder Lkw ausreicht. Ein schlichter Sitz in neutraler Polsterung, der in jeder Kabine mit seiner Umgebung harmoniert. Ausgestattet mit modernster Technik im luftgefederten Fahrwerk und einer Vielzahl von Einstellm\u00f6glichkeiten wird der Stuhl den t\u00e4glichen Anforderungen gerecht. Ein zuverl\u00e4ssiger Partner auf Jahre hinaus.\r\n\r\nVor allem Kilometerfresser werden vom RECARO C 6000 profitieren. Alle Bedienelemente wurden im Design neu gestaltet. In enger Abstimmung mit den Testfahrern wurden die Bedienelemente so in das Chassis integriert, dass der Fahrer sie intuitiv finden kann. Mit serienm\u00e4\u00dfigen Optionen wie Sitzverl\u00e4ngerung, Lordose- und Beckenst\u00fctze, Heizung, integriertem Dreipunktgurt und R\u00fcckenwinkelverstellung findet fast jeder Fahrer seinen Sitz.\r\n\r\nSelbstverst\u00e4ndlich ist das Fahrwerk mit allen modernen Optionen wie vertikaler und horizontaler D\u00e4mpfung, H\u00f6henverstellung mit Memory und Ausstiegsmodus ausgestattet. Neu ist die Entriegelung der Gleitschienen. Dazu muss man sich nicht mehr am Boden des Fahrgestells befinden, sondern kann den Sitz mittels einer Komfortentriegelung verschieben.\r\n\r\nPassend f\u00fcr den Mercedes Actros 3 (1 Armlehne links, EPS-\u00dcberbau). Artikel Nummer: 82811422-4","protected":false},"featured_media":17557,"comment_status":"open","ping_status":"closed","template":"","meta":{"_acf_changed":false},"product_brand":[2811,1938],"product_cat":[2609,2610],"product_tag":[3098,2613,2851],"class_list":{"0":"post-17968","1":"product","2":"type-product","3":"status-publish","4":"has-post-thumbnail","6":"product_brand-adient","7":"product_brand-mercedes","8":"product_cat-vrachtwagenstoelen","9":"product_cat-vrachtwagenstoelen-vrachtwagenstoelen","10":"product_tag-82811422-4","11":"product_tag-c-6000","12":"product_tag-vruchtwagenstoel","13":"product_shipping_class-auto-stoelen","15":"first","16":"instock","17":"taxable","18":"shipping-taxable","19":"purchasable","20":"product-type-simple"},"composite_virtual":false,"composite_layout":"","composite_add_to_cart_form_location":"","composite_editable_in_cart":false,"composite_sold_individually_context":"","composite_shop_price_calc":"","composite_components":[],"composite_scenarios":[],"exclude_global_add_ons":[],"addons":[],"acf":[],"yoast_head":null,"yoast_head_json":null,"_links":{"self":[{"href":"https:\/\/www.carseatsandparts.com\/de\/wp-json\/wp\/v2\/product\/17968","targetHints":{"allow":["GET"]}}],"collection":[{"href":"https:\/\/www.carseatsandparts.com\/de\/wp-json\/wp\/v2\/product"}],"about":[{"href":"https:\/\/www.carseatsandparts.com\/de\/wp-json\/wp\/v2\/types\/product"}],"replies":[{"embeddable":true,"href":"https:\/\/www.carseatsandparts.com\/de\/wp-json\/wp\/v2\/comments?post=17968"}],"wp:featuredmedia":[{"embeddable":true,"href":"https:\/\/www.carseatsandparts.com\/de\/wp-json\/wp\/v2\/media\/17557"}],"wp:attachment":[{"href":"https:\/\/www.carseatsandparts.com\/de\/wp-json\/wp\/v2\/media?parent=17968"}],"wp:term":[{"taxonomy":"product_brand","embeddable":true,"href":"https:\/\/www.carseatsandparts.com\/de\/wp-json\/wp\/v2\/product_brand?post=17968"},{"taxonomy":"product_cat","embeddable":true,"href":"https:\/\/www.carseatsandparts.com\/de\/wp-json\/wp\/v2\/product_cat?post=17968"},{"taxonomy":"product_tag","embeddable":true,"href":"https:\/\/www.carseatsandparts.com\/de\/wp-json\/wp\/v2\/product_tag?post=17968"}],"curies":[{"name":"wp","href":"https:\/\/api.w.org\/{rel}","templated":true}]}}