{"id":17979,"date":"2025-09-11T16:54:38","date_gmt":"2025-09-11T14:54:38","guid":{"rendered":"https:\/\/www.carseatsandparts.com\/?post_type=product&#038;p=17979"},"modified":"2025-09-30T15:57:38","modified_gmt":"2025-09-30T13:57:38","slug":"vrachtwagenstoel-c-7000-iveco-leder-zwart","status":"publish","type":"product","link":"https:\/\/www.carseatsandparts.com\/de\/product\/vrachtwagenstoel-c-7000-iveco-leder-zwart\/","title":{"rendered":"Lkw-Sitz C 7000 Iveco Leder Schwarz"},"content":{"rendered":"","protected":false},"excerpt":{"rendered":"Komfortabel und zuverl\u00e4ssig ohne Kompromisse\r\n\r\nMit der Einf\u00fchrung des C 7000 hat RECARO die Messlatte sofort h\u00f6her gelegt. Ein ebenb\u00fcrtiger Partner wird nicht leicht zu finden sein. Schlie\u00dflich muss der Arbeitsplatz eines Bus- oder Lkw-Fahrers hohen Anspr\u00fcchen gen\u00fcgen. Mit dem RECARO C 7000 bleiben keine W\u00fcnsche offen.\r\n\r\nDer Stuhl \u00fcbertrifft nicht nur alle technischen und ergonomischen Anforderungen, sondern RECARO ist es auch gelungen, ein Design zu schaffen, das voll und ganz auf der H\u00f6he der Zeit ist. Das zeugt nicht nur von handwerklichem K\u00f6nnen, sondern vor allem von Leidenschaft. Leidenschaft f\u00fcr das, was RECARO gut kann: St\u00fchle bauen.\r\n\r\nDer RECARO C 7000 ist nicht nur ein Upgrade des C 6000. Sitz und R\u00fcckenlehne wurden komplett neu konzipiert und mit den modernsten Verstellm\u00f6glichkeiten ausgestattet. Durch die einstellbaren Seitenwangen in Sitz und R\u00fcckenlehne, im Schulterbereich, im Becken und im unteren R\u00fccken passt sich der Sitz perfekt an den K\u00f6rper des Fahrers an. Mit der atmungsaktiven 3D-Polsterung haben Heizung und Bel\u00fcftung einen noch gr\u00f6\u00dferen Mehrwert, als es bei der Standardpolsterung bereits der Fall ist. Wenn es noch Fahrer gibt, die in diesem Sitz nicht die richtige Position finden, ist es Zeit, den Hausarzt aufzusuchen.\r\n\r\nPassend f\u00fcr den Iveco Stralis Hi-way. Artikel Nummer 82811615-4","protected":false},"featured_media":17554,"comment_status":"open","ping_status":"closed","template":"","meta":{"_acf_changed":false},"product_brand":[2811,1958],"product_cat":[2609,2610],"product_tag":[3108,1927,1932],"class_list":{"0":"post-17979","1":"product","2":"type-product","3":"status-publish","4":"has-post-thumbnail","6":"product_brand-adient","7":"product_brand-iveco","8":"product_cat-vrachtwagenstoelen","9":"product_cat-vrachtwagenstoelen-vrachtwagenstoelen","10":"product_tag-82811615-4","11":"product_tag-c-7000","12":"product_tag-vrachtwagenstoel","13":"product_shipping_class-auto-stoelen","15":"first","16":"instock","17":"taxable","18":"shipping-taxable","19":"purchasable","20":"product-type-simple"},"composite_virtual":false,"composite_layout":"","composite_add_to_cart_form_location":"","composite_editable_in_cart":false,"composite_sold_individually_context":"","composite_shop_price_calc":"","composite_components":[],"composite_scenarios":[],"exclude_global_add_ons":[],"addons":[],"acf":[],"yoast_head":null,"yoast_head_json":null,"_links":{"self":[{"href":"https:\/\/www.carseatsandparts.com\/de\/wp-json\/wp\/v2\/product\/17979","targetHints":{"allow":["GET"]}}],"collection":[{"href":"https:\/\/www.carseatsandparts.com\/de\/wp-json\/wp\/v2\/product"}],"about":[{"href":"https:\/\/www.carseatsandparts.com\/de\/wp-json\/wp\/v2\/types\/product"}],"replies":[{"embeddable":true,"href":"https:\/\/www.carseatsandparts.com\/de\/wp-json\/wp\/v2\/comments?post=17979"}],"wp:featuredmedia":[{"embeddable":true,"href":"https:\/\/www.carseatsandparts.com\/de\/wp-json\/wp\/v2\/media\/17554"}],"wp:attachment":[{"href":"https:\/\/www.carseatsandparts.com\/de\/wp-json\/wp\/v2\/media?parent=17979"}],"wp:term":[{"taxonomy":"product_brand","embeddable":true,"href":"https:\/\/www.carseatsandparts.com\/de\/wp-json\/wp\/v2\/product_brand?post=17979"},{"taxonomy":"product_cat","embeddable":true,"href":"https:\/\/www.carseatsandparts.com\/de\/wp-json\/wp\/v2\/product_cat?post=17979"},{"taxonomy":"product_tag","embeddable":true,"href":"https:\/\/www.carseatsandparts.com\/de\/wp-json\/wp\/v2\/product_tag?post=17979"}],"curies":[{"name":"wp","href":"https:\/\/api.w.org\/{rel}","templated":true}]}}