{"id":18205,"date":"2025-11-26T10:33:54","date_gmt":"2025-11-26T09:33:54","guid":{"rendered":"https:\/\/www.carseatsandparts.com\/?post_type=product&#038;p=18205"},"modified":"2026-01-08T09:52:30","modified_gmt":"2026-01-08T08:52:30","slug":"sparco-glijrails","status":"publish","type":"product","link":"https:\/\/www.carseatsandparts.com\/de\/produkt\/sparco-glijrails\/","title":{"rendered":"Sparco Gleitschienen"},"content":{"rendered":"","protected":false},"excerpt":{"rendered":"Dieser universell einstellbare Sitzf\u00fchrungssatz von Sparco ist f\u00fcr die Montage an der Unterseite von Sparco-Sitzen mit einer Basishalterung vorgesehen und erm\u00f6glicht eine einfache Einstellung nach vorne und hinten. Sobald die richtige Position erreicht ist, sorgt der doppelte Verriegelungsmechanismus daf\u00fcr, dass der Sitz fest an seinem Platz bleibt.\r\nHauptmerkmale:Erm\u00f6glicht eine einfache Einstellung f\u00fcr Sitze mit SockelbefestigungKompatibel mit Sitzen mit Sockelbefestigung von Sparco und anderen Marken mit einem Bolzenabstand von 271 mm (von vorne nach hinten)Der doppelte Verriegelungsmechanismus sorgt daf\u00fcr, dass der Sitz fest in seiner Position bleibt.\r\nDas Produkt ist universell einsetzbar, aber je nach Fahrzeug oder Sitz kann eine gewisse Anpassung erforderlich sein, um einen korrekten Einbau zu gew\u00e4hrleisten.\r\nDas Produkt ist f\u00fcr den Einsatz im Motorsport geeignet. \u00dcberpr\u00fcfen Sie jedoch unbedingt die spezifischen Vorschriften Ihrer Meisterschaft, um sicherzustellen, dass dieses System f\u00fcr Ihre Anwendung geeignet ist.","protected":false},"featured_media":18207,"comment_status":"open","ping_status":"closed","template":"","meta":{"_acf_changed":false},"product_brand":[2524],"product_cat":[2822,2518,2520],"product_tag":[2523,2637],"class_list":{"0":"post-18205","1":"product","2":"type-product","3":"status-publish","4":"has-post-thumbnail","6":"product_brand-sparco","7":"product_cat-accessoires-motorsport","8":"product_cat-motorsport","9":"product_cat-sparco","10":"product_tag-sparco","11":"product_tag-stuurwiel","12":"product_shipping_class-onderdelen-middenpand","14":"first","15":"instock","16":"sale","17":"taxable","18":"shipping-taxable","19":"purchasable","20":"product-type-simple"},"composite_virtual":false,"composite_layout":"","composite_add_to_cart_form_location":"","composite_editable_in_cart":false,"composite_sold_individually_context":"","composite_shop_price_calc":"","composite_components":[],"composite_scenarios":[],"exclude_global_add_ons":[],"addons":[],"acf":[],"yoast_head":null,"yoast_head_json":null,"_links":{"self":[{"href":"https:\/\/www.carseatsandparts.com\/de\/wp-json\/wp\/v2\/product\/18205","targetHints":{"allow":["GET"]}}],"collection":[{"href":"https:\/\/www.carseatsandparts.com\/de\/wp-json\/wp\/v2\/product"}],"about":[{"href":"https:\/\/www.carseatsandparts.com\/de\/wp-json\/wp\/v2\/types\/product"}],"replies":[{"embeddable":true,"href":"https:\/\/www.carseatsandparts.com\/de\/wp-json\/wp\/v2\/comments?post=18205"}],"wp:featuredmedia":[{"embeddable":true,"href":"https:\/\/www.carseatsandparts.com\/de\/wp-json\/wp\/v2\/media\/18207"}],"wp:attachment":[{"href":"https:\/\/www.carseatsandparts.com\/de\/wp-json\/wp\/v2\/media?parent=18205"}],"wp:term":[{"taxonomy":"product_brand","embeddable":true,"href":"https:\/\/www.carseatsandparts.com\/de\/wp-json\/wp\/v2\/product_brand?post=18205"},{"taxonomy":"product_cat","embeddable":true,"href":"https:\/\/www.carseatsandparts.com\/de\/wp-json\/wp\/v2\/product_cat?post=18205"},{"taxonomy":"product_tag","embeddable":true,"href":"https:\/\/www.carseatsandparts.com\/de\/wp-json\/wp\/v2\/product_tag?post=18205"}],"curies":[{"name":"wp","href":"https:\/\/api.w.org\/{rel}","templated":true}]}}