{"id":18669,"date":"2026-02-09T11:15:09","date_gmt":"2026-02-09T10:15:09","guid":{"rendered":"https:\/\/www.carseatsandparts.com\/?post_type=product&#038;p=18669"},"modified":"2026-02-09T12:13:56","modified_gmt":"2026-02-09T11:13:56","slug":"saab-900-cabriolet-zitting","status":"publish","type":"product","link":"https:\/\/www.carseatsandparts.com\/de\/product\/saab-900-cabriolet-zitting\/","title":{"rendered":"Saab 900 Cabriolet Sitz"},"content":{"rendered":"","protected":false},"excerpt":{"rendered":"Schaumstoffteil passend f\u00fcr den Sitz des Saab 900 Cabriolet\r\n\r\n<strong>Schaumstoffteil f\u00fcr Saab 900 Cabriolet<\/strong>\r\n\r\nDas Schaumstoffteil f\u00fcr das Saab 900 Cabriolet ist eine ideale L\u00f6sung, um die Unterst\u00fctzung und den Sitzkomfort Ihres Autositzes wiederherzustellen. Ob Ihr aktuelles Schaumstoffteil durch jahrelangen Gebrauch abgenutzt ist oder einfach nicht mehr die gew\u00fcnschte Unterst\u00fctzung bietet, dieses Ersatzschaumstoffteil wird Ihnen helfen, Ihren Sitz wieder in Topform zu bringen.","protected":false},"featured_media":18670,"comment_status":"open","ping_status":"closed","template":"","meta":{"_acf_changed":false},"product_brand":[],"product_cat":[177],"product_tag":[3225,3224,1937,1944],"class_list":{"0":"post-18669","1":"product","2":"type-product","3":"status-publish","4":"has-post-thumbnail","6":"product_cat-zitting","7":"product_tag-900-cabriolet","8":"product_tag-saab","9":"product_tag-schuimdeel","10":"product_tag-zitting","11":"product_shipping_class-onderdelen-console","13":"first","14":"instock","15":"taxable","16":"shipping-taxable","17":"purchasable","18":"product-type-simple"},"composite_virtual":false,"composite_layout":"","composite_add_to_cart_form_location":"","composite_editable_in_cart":false,"composite_sold_individually_context":"","composite_shop_price_calc":"","composite_components":[],"composite_scenarios":[],"exclude_global_add_ons":[],"addons":[],"acf":[],"yoast_head":null,"yoast_head_json":null,"_links":{"self":[{"href":"https:\/\/www.carseatsandparts.com\/de\/wp-json\/wp\/v2\/product\/18669","targetHints":{"allow":["GET"]}}],"collection":[{"href":"https:\/\/www.carseatsandparts.com\/de\/wp-json\/wp\/v2\/product"}],"about":[{"href":"https:\/\/www.carseatsandparts.com\/de\/wp-json\/wp\/v2\/types\/product"}],"replies":[{"embeddable":true,"href":"https:\/\/www.carseatsandparts.com\/de\/wp-json\/wp\/v2\/comments?post=18669"}],"wp:featuredmedia":[{"embeddable":true,"href":"https:\/\/www.carseatsandparts.com\/de\/wp-json\/wp\/v2\/media\/18670"}],"wp:attachment":[{"href":"https:\/\/www.carseatsandparts.com\/de\/wp-json\/wp\/v2\/media?parent=18669"}],"wp:term":[{"taxonomy":"product_brand","embeddable":true,"href":"https:\/\/www.carseatsandparts.com\/de\/wp-json\/wp\/v2\/product_brand?post=18669"},{"taxonomy":"product_cat","embeddable":true,"href":"https:\/\/www.carseatsandparts.com\/de\/wp-json\/wp\/v2\/product_cat?post=18669"},{"taxonomy":"product_tag","embeddable":true,"href":"https:\/\/www.carseatsandparts.com\/de\/wp-json\/wp\/v2\/product_tag?post=18669"}],"curies":[{"name":"wp","href":"https:\/\/api.w.org\/{rel}","templated":true}]}}