{"id":19255,"date":"2026-04-17T08:32:42","date_gmt":"2026-04-17T06:32:42","guid":{"rendered":"https:\/\/www.carseatsandparts.com\/?post_type=product&#038;p=19255"},"modified":"2026-04-17T09:35:18","modified_gmt":"2026-04-17T07:35:18","slug":"gebruikte-iron-horse-4000-24-7-stoel-2","status":"publish","type":"product","link":"https:\/\/www.carseatsandparts.com\/de\/produkt\/gebruikte-iron-horse-4000-24-7-stoel-2\/","title":{"rendered":"Gebrauchter Iron Horse 4000 24\/7 Stuhl"},"content":{"rendered":"","protected":false},"excerpt":{"rendered":"Der Iron Horse 4000 ist ein robuster und ergonomischer 24\/7-Stuhl, der speziell f\u00fcr den intensiven Einsatz in 24\/7-Umgebungen wie Kontrollr\u00e4umen und Leitwarten entwickelt wurde. Dieser Stuhl ist gebraucht, bleibt aber dank seiner langlebigen Konstruktion und soliden Qualit\u00e4t eine zuverl\u00e4ssige Wahl.\r\n\r\nMit einer Tragf\u00e4higkeit von bis zu 135 kg ist er f\u00fcr eine Vielzahl von Benutzern geeignet. Die ergonomische Unterst\u00fctzung tr\u00e4gt zu einer gesunden Sitzhaltung bei und verringert die Erm\u00fcdung bei langen Schichten.\r\n\r\nEine komfortable und solide L\u00f6sung f\u00fcr den professionellen Einsatz, auch aus zweiter Hand.","protected":false},"featured_media":19257,"comment_status":"open","ping_status":"closed","template":"","meta":{"_acf_changed":false},"product_brand":[],"product_cat":[936],"product_tag":[1516,3237,1518,1517],"class_list":{"0":"post-19255","1":"product","2":"type-product","3":"status-publish","4":"has-post-thumbnail","6":"product_cat-diversen-producten","7":"product_tag-bureaustoel","8":"product_tag-iron-horse","9":"product_tag-kantoorstoel","10":"product_tag-office-chair","11":"product_shipping_class-auto-stoelen","13":"first","14":"instock","15":"taxable","16":"shipping-taxable","17":"purchasable","18":"product-type-simple"},"composite_virtual":false,"composite_layout":"","composite_add_to_cart_form_location":"","composite_editable_in_cart":false,"composite_sold_individually_context":"","composite_shop_price_calc":"","composite_components":[],"composite_scenarios":[],"exclude_global_add_ons":false,"addons":[{"name":"Kies bekledingsvariant","type":"checkbox","position":0,"required":false,"title_format":"label","default":"","description_enable":false,"description":"","placeholder_enable":false,"placeholder":"","display":"select","restrictions_type":"any_text","adjust_price":false,"price":"","price_type":"flat_fee","restrictions":false,"min":"0","max":"0","options":[{"label":"Nardo zwart\/Artista zwart","price":"","price_type":"flat_fee","image":0,"visibility":true},{"label":"Kunstleder zwart","price":"","price_type":"flat_fee","image":0,"visibility":true},{"label":"Kunstleder zwart\/Artista zwart","price":"50","price_type":"flat_fee","image":0,"visibility":true},{"label":"Kunstleder zwart\/Dinamica zwart","price":"150","price_type":"flat_fee","image":0,"visibility":true},{"label":"Kunstleder zwart\/Dinamica rood","price":"150","price_type":"flat_fee","image":0,"visibility":true},{"label":"Kunstleder zwart\/Dinamica zilver","price":"150","price_type":"flat_fee","image":0,"visibility":true},{"label":"Leder zwart","price":"1200","price_type":"flat_fee","image":0,"visibility":true}],"id":1713957811}],"acf":[],"yoast_head":null,"yoast_head_json":null,"_links":{"self":[{"href":"https:\/\/www.carseatsandparts.com\/de\/wp-json\/wp\/v2\/product\/19255","targetHints":{"allow":["GET"]}}],"collection":[{"href":"https:\/\/www.carseatsandparts.com\/de\/wp-json\/wp\/v2\/product"}],"about":[{"href":"https:\/\/www.carseatsandparts.com\/de\/wp-json\/wp\/v2\/types\/product"}],"replies":[{"embeddable":true,"href":"https:\/\/www.carseatsandparts.com\/de\/wp-json\/wp\/v2\/comments?post=19255"}],"wp:featuredmedia":[{"embeddable":true,"href":"https:\/\/www.carseatsandparts.com\/de\/wp-json\/wp\/v2\/media\/19257"}],"wp:attachment":[{"href":"https:\/\/www.carseatsandparts.com\/de\/wp-json\/wp\/v2\/media?parent=19255"}],"wp:term":[{"taxonomy":"product_brand","embeddable":true,"href":"https:\/\/www.carseatsandparts.com\/de\/wp-json\/wp\/v2\/product_brand?post=19255"},{"taxonomy":"product_cat","embeddable":true,"href":"https:\/\/www.carseatsandparts.com\/de\/wp-json\/wp\/v2\/product_cat?post=19255"},{"taxonomy":"product_tag","embeddable":true,"href":"https:\/\/www.carseatsandparts.com\/de\/wp-json\/wp\/v2\/product_tag?post=19255"}],"curies":[{"name":"wp","href":"https:\/\/api.w.org\/{rel}","templated":true}]}}