{"id":6434,"date":"2021-12-08T13:15:08","date_gmt":"2021-12-08T12:15:08","guid":{"rendered":"https:\/\/www.carseatsandparts.com\/product\/interior-vw-golf-7-gti-cs-alcantara-fabric-grey-honeycomb-stripes-red-white\/"},"modified":"2024-12-04T11:20:39","modified_gmt":"2024-12-04T10:20:39","slug":"interior-vw-golf-7-gti-cs-alcantara-fabric-grey-honeycomb-stripes-red-white","status":"publish","type":"product","link":"https:\/\/www.carseatsandparts.com\/de\/produkt\/interior-vw-golf-7-gti-cs-alcantara-fabric-grey-honeycomb-stripes-red-white\/","title":{"rendered":"Interieur VW Golf 7 GTI CS Alcantara\/Stoff Grau Wabe\/Streifen Rot\/Wei\u00df"},"content":{"rendered":"","protected":false},"excerpt":{"rendered":"Interieur Volkswagen 7 GTI CS in einer Kombination aus Alcantara\/Stoff grau in Kombination mit Wabeninterieur mit rot\/wei\u00dfen Streifen ausgef\u00fchrt. Plug and Play Einbau in einen Golf 7, die Innenausstattung stammt aus einem Vorf\u00fchrwagen und ist bis auf kleine Besch\u00e4digungen durch die Demontage so gut wie neu. Diese sind auf den Bildern zu sehen. Funktionen: klappbare R\u00fcckenlehne, manuelle H\u00f6henverstellung und manuelle R\u00fcckenlehnenverstellung. Zu dieser Ausstattung geh\u00f6ren auch die Airbags.","protected":false},"featured_media":9379,"comment_status":"open","ping_status":"closed","template":"","meta":{"_acf_changed":false},"product_brand":[],"product_cat":[115],"product_tag":[782],"class_list":{"0":"post-6434","1":"product","2":"type-product","3":"status-publish","4":"has-post-thumbnail","6":"product_cat-demo-interieurs","7":"product_tag-782","8":"product_shipping_class-auto-interieurs","10":"first","11":"outofstock","12":"taxable","13":"shipping-taxable","14":"purchasable","15":"product-type-simple"},"composite_virtual":false,"composite_layout":"","composite_add_to_cart_form_location":"","composite_editable_in_cart":false,"composite_sold_individually_context":"","composite_shop_price_calc":"","composite_components":[],"composite_scenarios":[],"exclude_global_add_ons":[],"addons":[],"acf":[],"yoast_head":null,"yoast_head_json":null,"_links":{"self":[{"href":"https:\/\/www.carseatsandparts.com\/de\/wp-json\/wp\/v2\/product\/6434","targetHints":{"allow":["GET"]}}],"collection":[{"href":"https:\/\/www.carseatsandparts.com\/de\/wp-json\/wp\/v2\/product"}],"about":[{"href":"https:\/\/www.carseatsandparts.com\/de\/wp-json\/wp\/v2\/types\/product"}],"replies":[{"embeddable":true,"href":"https:\/\/www.carseatsandparts.com\/de\/wp-json\/wp\/v2\/comments?post=6434"}],"wp:featuredmedia":[{"embeddable":true,"href":"https:\/\/www.carseatsandparts.com\/de\/wp-json\/wp\/v2\/media\/9379"}],"wp:attachment":[{"href":"https:\/\/www.carseatsandparts.com\/de\/wp-json\/wp\/v2\/media?parent=6434"}],"wp:term":[{"taxonomy":"product_brand","embeddable":true,"href":"https:\/\/www.carseatsandparts.com\/de\/wp-json\/wp\/v2\/product_brand?post=6434"},{"taxonomy":"product_cat","embeddable":true,"href":"https:\/\/www.carseatsandparts.com\/de\/wp-json\/wp\/v2\/product_cat?post=6434"},{"taxonomy":"product_tag","embeddable":true,"href":"https:\/\/www.carseatsandparts.com\/de\/wp-json\/wp\/v2\/product_tag?post=6434"}],"curies":[{"name":"wp","href":"https:\/\/api.w.org\/{rel}","templated":true}]}}