{"id":6452,"date":"2021-12-08T13:15:12","date_gmt":"2021-12-08T12:15:12","guid":{"rendered":"https:\/\/www.carseatsandparts.com\/product\/manuele-lumbaalsteun-compleet\/"},"modified":"2025-04-04T10:48:27","modified_gmt":"2025-04-04T08:48:27","slug":"manuele-lumbaalsteun-compleet","status":"publish","type":"product","link":"https:\/\/www.carseatsandparts.com\/de\/produkt\/manuele-lumbaalsteun-compleet\/","title":{"rendered":"Manuelle Lordosenst\u00fctze komplett"},"content":{"rendered":"","protected":false},"excerpt":{"rendered":"Diese manuelle Lendenwirbelst\u00fctze hat zwei Luftkammern, die mit einer Handpumpe separat bedient werden k\u00f6nnen. Diese Lendenwirbelst\u00fctze l\u00e4sst sich f\u00fcr optimalen Komfort einfach in die R\u00fcckenlehne des Autositzes einbauen (die Teile k\u00f6nnen auch separat bestellt werden). Artikel Nummer 220062","protected":false},"featured_media":7253,"comment_status":"open","ping_status":"closed","template":"","meta":{"_acf_changed":false},"product_brand":[],"product_cat":[120],"product_tag":[778],"class_list":{"0":"post-6452","1":"product","2":"type-product","3":"status-publish","4":"has-post-thumbnail","6":"product_cat-accessoires-autostoelen","7":"product_tag-778","8":"product_shipping_class-onderdelen-klein-pakket","10":"first","11":"onbackorder","12":"taxable","13":"shipping-taxable","14":"purchasable","15":"product-type-simple"},"composite_virtual":false,"composite_layout":"","composite_add_to_cart_form_location":"","composite_editable_in_cart":false,"composite_sold_individually_context":"","composite_shop_price_calc":"","composite_components":[],"composite_scenarios":[],"exclude_global_add_ons":[],"addons":[],"acf":[],"yoast_head":null,"yoast_head_json":null,"_links":{"self":[{"href":"https:\/\/www.carseatsandparts.com\/de\/wp-json\/wp\/v2\/product\/6452","targetHints":{"allow":["GET"]}}],"collection":[{"href":"https:\/\/www.carseatsandparts.com\/de\/wp-json\/wp\/v2\/product"}],"about":[{"href":"https:\/\/www.carseatsandparts.com\/de\/wp-json\/wp\/v2\/types\/product"}],"replies":[{"embeddable":true,"href":"https:\/\/www.carseatsandparts.com\/de\/wp-json\/wp\/v2\/comments?post=6452"}],"wp:featuredmedia":[{"embeddable":true,"href":"https:\/\/www.carseatsandparts.com\/de\/wp-json\/wp\/v2\/media\/7253"}],"wp:attachment":[{"href":"https:\/\/www.carseatsandparts.com\/de\/wp-json\/wp\/v2\/media?parent=6452"}],"wp:term":[{"taxonomy":"product_brand","embeddable":true,"href":"https:\/\/www.carseatsandparts.com\/de\/wp-json\/wp\/v2\/product_brand?post=6452"},{"taxonomy":"product_cat","embeddable":true,"href":"https:\/\/www.carseatsandparts.com\/de\/wp-json\/wp\/v2\/product_cat?post=6452"},{"taxonomy":"product_tag","embeddable":true,"href":"https:\/\/www.carseatsandparts.com\/de\/wp-json\/wp\/v2\/product_tag?post=6452"}],"curies":[{"name":"wp","href":"https:\/\/api.w.org\/{rel}","templated":true}]}}