{"id":6471,"date":"2021-12-08T13:15:18","date_gmt":"2021-12-08T12:15:18","guid":{"rendered":"https:\/\/www.carseatsandparts.com\/?post_type=product&#038;p=6471"},"modified":"2026-04-07T17:15:51","modified_gmt":"2026-04-07T15:15:51","slug":"recaro-verwarmingsmat-rugleuning","status":"publish","type":"product","link":"https:\/\/www.carseatsandparts.com\/de\/produkt\/recaro-verwarmingsmat-rugleuning\/","title":{"rendered":"RECARO Heizkissen R\u00fcckenlehne"},"content":{"rendered":"","protected":false},"excerpt":{"rendered":"Heizmatte, die in die R\u00fcckenlehne der RECARO Modulserie und des Orthop\u00e4d eingelegt werden kann. Artikel Nummer: 363922\r\n\r\nGr\u00f6\u00dfe: 32,5 cm x 30,5 cm","protected":false},"featured_media":7120,"comment_status":"open","ping_status":"closed","template":"","meta":{"_acf_changed":false},"product_brand":[],"product_cat":[120],"product_tag":[424],"class_list":{"0":"post-6471","1":"product","2":"type-product","3":"status-publish","4":"has-post-thumbnail","6":"product_cat-accessoires-autostoelen","7":"product_tag-424","8":"product_shipping_class-onderdelen-buspakje","10":"first","11":"instock","12":"taxable","13":"shipping-taxable","14":"purchasable","15":"product-type-simple"},"composite_virtual":false,"composite_layout":"","composite_add_to_cart_form_location":"","composite_editable_in_cart":false,"composite_sold_individually_context":"","composite_shop_price_calc":"","composite_components":[],"composite_scenarios":[],"exclude_global_add_ons":[],"addons":[],"acf":[],"yoast_head":null,"yoast_head_json":null,"_links":{"self":[{"href":"https:\/\/www.carseatsandparts.com\/de\/wp-json\/wp\/v2\/product\/6471","targetHints":{"allow":["GET"]}}],"collection":[{"href":"https:\/\/www.carseatsandparts.com\/de\/wp-json\/wp\/v2\/product"}],"about":[{"href":"https:\/\/www.carseatsandparts.com\/de\/wp-json\/wp\/v2\/types\/product"}],"replies":[{"embeddable":true,"href":"https:\/\/www.carseatsandparts.com\/de\/wp-json\/wp\/v2\/comments?post=6471"}],"wp:featuredmedia":[{"embeddable":true,"href":"https:\/\/www.carseatsandparts.com\/de\/wp-json\/wp\/v2\/media\/7120"}],"wp:attachment":[{"href":"https:\/\/www.carseatsandparts.com\/de\/wp-json\/wp\/v2\/media?parent=6471"}],"wp:term":[{"taxonomy":"product_brand","embeddable":true,"href":"https:\/\/www.carseatsandparts.com\/de\/wp-json\/wp\/v2\/product_brand?post=6471"},{"taxonomy":"product_cat","embeddable":true,"href":"https:\/\/www.carseatsandparts.com\/de\/wp-json\/wp\/v2\/product_cat?post=6471"},{"taxonomy":"product_tag","embeddable":true,"href":"https:\/\/www.carseatsandparts.com\/de\/wp-json\/wp\/v2\/product_tag?post=6471"}],"curies":[{"name":"wp","href":"https:\/\/api.w.org\/{rel}","templated":true}]}}