{"id":6489,"date":"2021-12-08T13:15:22","date_gmt":"2021-12-08T12:15:22","guid":{"rendered":"https:\/\/www.carseatsandparts.com\/product\/recaro-sportline-afdekkap-achterkant-zitting\/"},"modified":"2024-12-04T11:20:45","modified_gmt":"2024-12-04T10:20:45","slug":"recaro-sportline-afdekkap-achterkant-zitting","status":"publish","type":"product","link":"https:\/\/www.carseatsandparts.com\/de\/produkt\/recaro-sportline-afdekkap-achterkant-zitting\/","title":{"rendered":"RECARO Sportline Bezug R\u00fcckbank"},"content":{"rendered":"","protected":false},"excerpt":{"rendered":"Bezug f\u00fcr die R\u00fcckseite des Sitzes des RECARO Sportline. Artikelnummer: 369365","protected":false},"featured_media":7363,"comment_status":"open","ping_status":"closed","template":"","meta":{"_acf_changed":false},"product_brand":[],"product_cat":[1359,117],"product_tag":[412],"class_list":{"0":"post-6489","1":"product","2":"type-product","3":"status-publish","4":"has-post-thumbnail","6":"product_cat-recaro","7":"product_cat-autostoel-onderdelen","8":"product_tag-412","9":"product_shipping_class-onderdelen-klein-pakket","11":"first","12":"instock","13":"taxable","14":"shipping-taxable","15":"purchasable","16":"product-type-simple"},"composite_virtual":false,"composite_layout":"","composite_add_to_cart_form_location":"","composite_editable_in_cart":false,"composite_sold_individually_context":"","composite_shop_price_calc":"","composite_components":[],"composite_scenarios":[],"exclude_global_add_ons":[],"addons":[],"acf":[],"yoast_head":null,"yoast_head_json":null,"_links":{"self":[{"href":"https:\/\/www.carseatsandparts.com\/de\/wp-json\/wp\/v2\/product\/6489","targetHints":{"allow":["GET"]}}],"collection":[{"href":"https:\/\/www.carseatsandparts.com\/de\/wp-json\/wp\/v2\/product"}],"about":[{"href":"https:\/\/www.carseatsandparts.com\/de\/wp-json\/wp\/v2\/types\/product"}],"replies":[{"embeddable":true,"href":"https:\/\/www.carseatsandparts.com\/de\/wp-json\/wp\/v2\/comments?post=6489"}],"wp:featuredmedia":[{"embeddable":true,"href":"https:\/\/www.carseatsandparts.com\/de\/wp-json\/wp\/v2\/media\/7363"}],"wp:attachment":[{"href":"https:\/\/www.carseatsandparts.com\/de\/wp-json\/wp\/v2\/media?parent=6489"}],"wp:term":[{"taxonomy":"product_brand","embeddable":true,"href":"https:\/\/www.carseatsandparts.com\/de\/wp-json\/wp\/v2\/product_brand?post=6489"},{"taxonomy":"product_cat","embeddable":true,"href":"https:\/\/www.carseatsandparts.com\/de\/wp-json\/wp\/v2\/product_cat?post=6489"},{"taxonomy":"product_tag","embeddable":true,"href":"https:\/\/www.carseatsandparts.com\/de\/wp-json\/wp\/v2\/product_tag?post=6489"}],"curies":[{"name":"wp","href":"https:\/\/api.w.org\/{rel}","templated":true}]}}