{"id":6504,"date":"2021-12-08T13:15:26","date_gmt":"2021-12-08T12:15:26","guid":{"rendered":"https:\/\/www.carseatsandparts.com\/product\/recaro-style-afdekkap-rugleuning-links\/"},"modified":"2025-01-21T11:36:10","modified_gmt":"2025-01-21T10:36:10","slug":"recaro-style-afdekkap-rugleuning-links","status":"publish","type":"product","link":"https:\/\/www.carseatsandparts.com\/de\/product\/recaro-style-afdekkap-rugleuning-links\/","title":{"rendered":"RECARO Style R\u00fcckenlehnenbezug links"},"content":{"rendered":"","protected":false},"excerpt":{"rendered":"Bezug f\u00fcr RECARO Style R\u00fcckenlehne links. Artikel Nummer: 470401","protected":false},"featured_media":7174,"comment_status":"open","ping_status":"closed","template":"","meta":{"_acf_changed":false},"product_brand":[],"product_cat":[117,1359],"product_tag":[396],"class_list":{"0":"post-6504","1":"product","2":"type-product","3":"status-publish","4":"has-post-thumbnail","6":"product_cat-autostoel-onderdelen","7":"product_cat-recaro","8":"product_tag-396","9":"product_shipping_class-onderdelen-buspakje","11":"first","12":"onbackorder","13":"taxable","14":"shipping-taxable","15":"purchasable","16":"product-type-simple"},"composite_virtual":false,"composite_layout":"","composite_add_to_cart_form_location":"","composite_editable_in_cart":false,"composite_sold_individually_context":"","composite_shop_price_calc":"","composite_components":[],"composite_scenarios":[],"exclude_global_add_ons":[],"addons":[],"acf":[],"yoast_head":null,"yoast_head_json":null,"_links":{"self":[{"href":"https:\/\/www.carseatsandparts.com\/de\/wp-json\/wp\/v2\/product\/6504","targetHints":{"allow":["GET"]}}],"collection":[{"href":"https:\/\/www.carseatsandparts.com\/de\/wp-json\/wp\/v2\/product"}],"about":[{"href":"https:\/\/www.carseatsandparts.com\/de\/wp-json\/wp\/v2\/types\/product"}],"replies":[{"embeddable":true,"href":"https:\/\/www.carseatsandparts.com\/de\/wp-json\/wp\/v2\/comments?post=6504"}],"wp:featuredmedia":[{"embeddable":true,"href":"https:\/\/www.carseatsandparts.com\/de\/wp-json\/wp\/v2\/media\/7174"}],"wp:attachment":[{"href":"https:\/\/www.carseatsandparts.com\/de\/wp-json\/wp\/v2\/media?parent=6504"}],"wp:term":[{"taxonomy":"product_brand","embeddable":true,"href":"https:\/\/www.carseatsandparts.com\/de\/wp-json\/wp\/v2\/product_brand?post=6504"},{"taxonomy":"product_cat","embeddable":true,"href":"https:\/\/www.carseatsandparts.com\/de\/wp-json\/wp\/v2\/product_cat?post=6504"},{"taxonomy":"product_tag","embeddable":true,"href":"https:\/\/www.carseatsandparts.com\/de\/wp-json\/wp\/v2\/product_tag?post=6504"}],"curies":[{"name":"wp","href":"https:\/\/api.w.org\/{rel}","templated":true}]}}