{"id":6553,"date":"2021-12-08T13:15:36","date_gmt":"2021-12-08T12:15:36","guid":{"rendered":"https:\/\/www.carseatsandparts.com\/product\/verstelbare-glijrails-met-dubbelzijdige-vergrendeling-beugel-buitenkant-gebruikt\/"},"modified":"2026-05-06T08:28:35","modified_gmt":"2026-05-06T06:28:35","slug":"verstelbare-glijrails-met-dubbelzijdige-vergrendeling-beugel-buitenkant-gebruikt","status":"publish","type":"product","link":"https:\/\/www.carseatsandparts.com\/de\/product\/verstelbare-glijrails-met-dubbelzijdige-vergrendeling-beugel-buitenkant-gebruikt\/","title":{"rendered":"Verstellbare Gleitschienen auf F\u00fc\u00dfen mit beidseitiger Arretierung, Au\u00dfenb\u00fcgel eingesetzt"},"content":{"rendered":"","protected":false},"excerpt":{"rendered":"Eine gebrauchte Gleitschiene, die auf beiden Seiten einrastet und \u00fcber die L\u00f6cher in den Schenkeln des Endes eingestellt werden kann. Die Halterung verl\u00e4uft au\u00dferhalb des Autositzes. Artikel Nummer: 360205GB","protected":false},"featured_media":7994,"comment_status":"open","ping_status":"closed","template":"","meta":{"_acf_changed":false},"product_brand":[],"product_cat":[120],"product_tag":[766],"class_list":{"0":"post-6553","1":"product","2":"type-product","3":"status-publish","4":"has-post-thumbnail","6":"product_cat-accessoires-autostoelen","7":"product_tag-360205gb","8":"product_shipping_class-onderdelen-middenpand","10":"first","11":"outofstock","12":"sold-individually","13":"taxable","14":"shipping-taxable","15":"purchasable","16":"product-type-simple"},"composite_virtual":false,"composite_layout":"","composite_add_to_cart_form_location":"","composite_editable_in_cart":false,"composite_sold_individually_context":"","composite_shop_price_calc":"","composite_components":[],"composite_scenarios":[],"exclude_global_add_ons":[],"addons":[],"acf":[],"yoast_head":null,"yoast_head_json":null,"_links":{"self":[{"href":"https:\/\/www.carseatsandparts.com\/de\/wp-json\/wp\/v2\/product\/6553","targetHints":{"allow":["GET"]}}],"collection":[{"href":"https:\/\/www.carseatsandparts.com\/de\/wp-json\/wp\/v2\/product"}],"about":[{"href":"https:\/\/www.carseatsandparts.com\/de\/wp-json\/wp\/v2\/types\/product"}],"replies":[{"embeddable":true,"href":"https:\/\/www.carseatsandparts.com\/de\/wp-json\/wp\/v2\/comments?post=6553"}],"wp:featuredmedia":[{"embeddable":true,"href":"https:\/\/www.carseatsandparts.com\/de\/wp-json\/wp\/v2\/media\/7994"}],"wp:attachment":[{"href":"https:\/\/www.carseatsandparts.com\/de\/wp-json\/wp\/v2\/media?parent=6553"}],"wp:term":[{"taxonomy":"product_brand","embeddable":true,"href":"https:\/\/www.carseatsandparts.com\/de\/wp-json\/wp\/v2\/product_brand?post=6553"},{"taxonomy":"product_cat","embeddable":true,"href":"https:\/\/www.carseatsandparts.com\/de\/wp-json\/wp\/v2\/product_cat?post=6553"},{"taxonomy":"product_tag","embeddable":true,"href":"https:\/\/www.carseatsandparts.com\/de\/wp-json\/wp\/v2\/product_tag?post=6553"}],"curies":[{"name":"wp","href":"https:\/\/api.w.org\/{rel}","templated":true}]}}