{"id":8861,"date":"2022-02-07T08:18:28","date_gmt":"2022-02-07T07:18:28","guid":{"rendered":"https:\/\/www.carseatsandparts.com\/?post_type=product&#038;p=8861"},"modified":"2024-12-04T11:21:02","modified_gmt":"2024-12-04T10:21:02","slug":"interieur-bmw-m2-coupe-f87-leder-dakato-zwart-contrast-oranje-2","status":"publish","type":"product","link":"https:\/\/www.carseatsandparts.com\/de\/product\/interieur-bmw-m2-coupe-f87-leder-dakato-zwart-contrast-oranje-2\/","title":{"rendered":"Interieur BMW M2 Coup\u00e9 (F87) Leder Dakato\/Schwarz\/Kontrast Orange"},"content":{"rendered":"","protected":false},"excerpt":{"rendered":"Interieur BMW M2 Coup\u00e9 (F87) in einer Kombination aus schwarzem Dakota-Leder mit orangen Kontrastn\u00e4hten, die Verkleidungen sind mit einer Kombination aus schwarzem Alcantara mit schwarzem Leder und orangenen N\u00e4hten bezogen. Die Sitze sind elektrisch verstellbar und k\u00f6nnen Plug and Play in eine BMW M2 (Modell F87) Automatikversion eingebaut werden. Die Innenausstattung stammt aus einem Vorf\u00fchrwagen und ist neuwertig, die Airbags und Sicherheitsgurte sind nicht im Lieferumfang enthalten.","protected":false},"featured_media":9377,"comment_status":"open","ping_status":"closed","template":"","meta":{"_acf_changed":false},"product_brand":[],"product_cat":[1356,115],"product_tag":[466,983,985,972,984],"class_list":{"0":"post-8861","1":"product","2":"type-product","3":"status-publish","4":"has-post-thumbnail","6":"product_cat-bmw","7":"product_cat-demo-interieurs","8":"product_tag-466","9":"product_tag-bmw","10":"product_tag-f87","11":"product_tag-interieur","12":"product_tag-m2","13":"product_shipping_class-auto-interieurs","15":"first","16":"outofstock","17":"taxable","18":"shipping-taxable","19":"purchasable","20":"product-type-simple"},"composite_virtual":false,"composite_layout":"","composite_add_to_cart_form_location":"","composite_editable_in_cart":false,"composite_sold_individually_context":"","composite_shop_price_calc":"","composite_components":[],"composite_scenarios":[],"exclude_global_add_ons":[],"addons":[],"acf":[],"yoast_head":null,"yoast_head_json":null,"_links":{"self":[{"href":"https:\/\/www.carseatsandparts.com\/de\/wp-json\/wp\/v2\/product\/8861","targetHints":{"allow":["GET"]}}],"collection":[{"href":"https:\/\/www.carseatsandparts.com\/de\/wp-json\/wp\/v2\/product"}],"about":[{"href":"https:\/\/www.carseatsandparts.com\/de\/wp-json\/wp\/v2\/types\/product"}],"replies":[{"embeddable":true,"href":"https:\/\/www.carseatsandparts.com\/de\/wp-json\/wp\/v2\/comments?post=8861"}],"wp:featuredmedia":[{"embeddable":true,"href":"https:\/\/www.carseatsandparts.com\/de\/wp-json\/wp\/v2\/media\/9377"}],"wp:attachment":[{"href":"https:\/\/www.carseatsandparts.com\/de\/wp-json\/wp\/v2\/media?parent=8861"}],"wp:term":[{"taxonomy":"product_brand","embeddable":true,"href":"https:\/\/www.carseatsandparts.com\/de\/wp-json\/wp\/v2\/product_brand?post=8861"},{"taxonomy":"product_cat","embeddable":true,"href":"https:\/\/www.carseatsandparts.com\/de\/wp-json\/wp\/v2\/product_cat?post=8861"},{"taxonomy":"product_tag","embeddable":true,"href":"https:\/\/www.carseatsandparts.com\/de\/wp-json\/wp\/v2\/product_tag?post=8861"}],"curies":[{"name":"wp","href":"https:\/\/api.w.org\/{rel}","templated":true}]}}