{"id":9591,"date":"2022-06-22T09:40:58","date_gmt":"2022-06-22T07:40:58","guid":{"rendered":"https:\/\/www.carseatsandparts.com\/?post_type=product&#038;p=9591"},"modified":"2026-04-17T08:55:17","modified_gmt":"2026-04-17T06:55:17","slug":"interieur-vw-golf-7-r-stof","status":"publish","type":"product","link":"https:\/\/www.carseatsandparts.com\/de\/product\/interieur-vw-golf-7-r-stof\/","title":{"rendered":"Acheter Sitzbank &amp; T\u00fcrverkleidungen VW Golf 7 R Stoff 3-T\u00fcrer"},"content":{"rendered":"","protected":false},"excerpt":{"rendered":"R\u00fccksitz &amp; T\u00fcrverkleidungen aus einem Volkswagen 7R fertig in Alcantara Stoff. Plug-and-Play-Installation in einem Golf 7 3-T\u00fcr-Variante, das Innere kommt aus einem Demo-Auto des Volkswagen Golf 7R und ist so gut wie neu abgesehen von ein paar kleine Sch\u00e4den aus der Demontage. Diese sind auf den Bildern zu sehen. Die T\u00fcrverkleidungen, die mit diesem Satz kommen, geh\u00f6rten zu einem 3-t\u00fcrigen Modell.","protected":false},"featured_media":19212,"comment_status":"open","ping_status":"closed","template":"","meta":{"_acf_changed":false},"product_brand":[],"product_cat":[115,1355],"product_tag":[882,976,972,977],"class_list":{"0":"post-9591","1":"product","2":"type-product","3":"status-publish","4":"has-post-thumbnail","6":"product_cat-demo-interieurs","7":"product_cat-volkswagen","8":"product_tag-882","9":"product_tag-golf-7","10":"product_tag-interieur","11":"product_tag-mk7","12":"product_shipping_class-auto-interieurs","14":"first","15":"instock","16":"taxable","17":"shipping-taxable","18":"purchasable","19":"product-type-simple"},"composite_virtual":false,"composite_layout":"","composite_add_to_cart_form_location":"","composite_editable_in_cart":false,"composite_sold_individually_context":"","composite_shop_price_calc":"","composite_components":[],"composite_scenarios":[],"exclude_global_add_ons":[],"addons":[],"acf":[],"yoast_head":null,"yoast_head_json":null,"_links":{"self":[{"href":"https:\/\/www.carseatsandparts.com\/de\/wp-json\/wp\/v2\/product\/9591","targetHints":{"allow":["GET"]}}],"collection":[{"href":"https:\/\/www.carseatsandparts.com\/de\/wp-json\/wp\/v2\/product"}],"about":[{"href":"https:\/\/www.carseatsandparts.com\/de\/wp-json\/wp\/v2\/types\/product"}],"replies":[{"embeddable":true,"href":"https:\/\/www.carseatsandparts.com\/de\/wp-json\/wp\/v2\/comments?post=9591"}],"wp:featuredmedia":[{"embeddable":true,"href":"https:\/\/www.carseatsandparts.com\/de\/wp-json\/wp\/v2\/media\/19212"}],"wp:attachment":[{"href":"https:\/\/www.carseatsandparts.com\/de\/wp-json\/wp\/v2\/media?parent=9591"}],"wp:term":[{"taxonomy":"product_brand","embeddable":true,"href":"https:\/\/www.carseatsandparts.com\/de\/wp-json\/wp\/v2\/product_brand?post=9591"},{"taxonomy":"product_cat","embeddable":true,"href":"https:\/\/www.carseatsandparts.com\/de\/wp-json\/wp\/v2\/product_cat?post=9591"},{"taxonomy":"product_tag","embeddable":true,"href":"https:\/\/www.carseatsandparts.com\/de\/wp-json\/wp\/v2\/product_tag?post=9591"}],"curies":[{"name":"wp","href":"https:\/\/api.w.org\/{rel}","templated":true}]}}