{"id":10200,"date":"2022-11-17T10:21:32","date_gmt":"2022-11-17T09:21:32","guid":{"rendered":"https:\/\/www.carseatsandparts.com\/?post_type=product&#038;p=10200"},"modified":"2026-03-19T10:26:28","modified_gmt":"2026-03-19T09:26:28","slug":"bekleding-recaro-corduroy-zwart","status":"publish","type":"product","link":"https:\/\/www.carseatsandparts.com\/es\/producto\/bekleding-recaro-corduroy-zwart\/","title":{"rendered":"Tapicer\u00eda RECARO Corduroy Black"},"content":{"rendered":"<p>Tejido RECARO Corduroy negro con capa de espuma de 2 mm. N\u00famero de art\u00edculo 20045686<\/p>","protected":false},"excerpt":{"rendered":"<strong>Tapicer\u00eda RECARO Corduroy Black por metro lineal<\/strong>\r\n\r\nRECARO Corduroy Zwart bekleding per strekkende meter is geschikt voor het herstellen, aanpassen en custom bekleden van autostoelen en interieuronderdelen. Deze bekleding wordt veel toegepast bij sportstoelen, schaalstoelen en maatwerk interieurprojecten en is geschikt voor zowel reparaties als volledige herbekleding.\r\n\r\nDoordat de RECARO Corduroy Zwart bekleding per strekkende meter wordt geleverd, kunt u exact de hoeveelheid bestellen die nodig is voor uw project. Dit maakt deze bekleding per strekkende meter ideaal voor restauraties, deelreparaties en custom bekleedwerk.","protected":false},"featured_media":14238,"comment_status":"open","ping_status":"closed","template":"","meta":{"_acf_changed":false},"product_brand":[1284],"product_cat":[225,1359],"product_tag":[917],"class_list":{"0":"post-10200","1":"product","2":"type-product","3":"status-publish","4":"has-post-thumbnail","6":"product_brand-recaro","7":"product_cat-per-strekkende-meter","8":"product_cat-recaro","9":"product_tag-917","10":"product_shipping_class-onderdelen-console","12":"first","13":"instock","14":"taxable","15":"shipping-taxable","16":"purchasable","17":"product-type-simple"},"composite_virtual":false,"composite_layout":"","composite_add_to_cart_form_location":"","composite_editable_in_cart":false,"composite_sold_individually_context":"","composite_shop_price_calc":"","composite_components":[],"composite_scenarios":[],"exclude_global_add_ons":[],"addons":[],"acf":[],"yoast_head":null,"yoast_head_json":null,"_links":{"self":[{"href":"https:\/\/www.carseatsandparts.com\/es\/wp-json\/wp\/v2\/product\/10200","targetHints":{"allow":["GET"]}}],"collection":[{"href":"https:\/\/www.carseatsandparts.com\/es\/wp-json\/wp\/v2\/product"}],"about":[{"href":"https:\/\/www.carseatsandparts.com\/es\/wp-json\/wp\/v2\/types\/product"}],"replies":[{"embeddable":true,"href":"https:\/\/www.carseatsandparts.com\/es\/wp-json\/wp\/v2\/comments?post=10200"}],"wp:featuredmedia":[{"embeddable":true,"href":"https:\/\/www.carseatsandparts.com\/es\/wp-json\/wp\/v2\/media\/14238"}],"wp:attachment":[{"href":"https:\/\/www.carseatsandparts.com\/es\/wp-json\/wp\/v2\/media?parent=10200"}],"wp:term":[{"taxonomy":"product_brand","embeddable":true,"href":"https:\/\/www.carseatsandparts.com\/es\/wp-json\/wp\/v2\/product_brand?post=10200"},{"taxonomy":"product_cat","embeddable":true,"href":"https:\/\/www.carseatsandparts.com\/es\/wp-json\/wp\/v2\/product_cat?post=10200"},{"taxonomy":"product_tag","embeddable":true,"href":"https:\/\/www.carseatsandparts.com\/es\/wp-json\/wp\/v2\/product_tag?post=10200"}],"curies":[{"name":"wp","href":"https:\/\/api.w.org\/{rel}","templated":true}]}}