{"id":10217,"date":"2022-11-17T12:24:29","date_gmt":"2022-11-17T11:24:29","guid":{"rendered":"https:\/\/www.carseatsandparts.com\/?post_type=product&#038;p=10217"},"modified":"2024-12-04T11:21:10","modified_gmt":"2024-12-04T10:21:10","slug":"interieur-vw-golf-7-gti-tcr-alcantara-stof-grijs-rood-5-deurs","status":"publish","type":"product","link":"https:\/\/www.carseatsandparts.com\/es\/product\/interieur-vw-golf-7-gti-tcr-alcantara-stof-grijs-rood-5-deurs\/","title":{"rendered":"Interior VW Golf 7 GTI TCR Alcantara\/Tejido Gris\/Rojo (5 Puertas)"},"content":{"rendered":"<p>Interior Volkswagen 7 GTI TCR ejecutado en una combinaci\u00f3n de Alcantara y tela en color gris y rojo. Plug and play instalar en un Golf 7, el interior proviene de un coche de demostraci\u00f3n y es tan bueno como nuevo, aparte de algunos da\u00f1os menores de desmontaje. Estos se muestran en las im\u00e1genes. Caracter\u00edsticas: ajuste manual de altura, soporte lumbar manual y un ajuste manual del respaldo. Los airbags y cinturones de seguridad est\u00e1n en estado original con este interior.<\/p>","protected":false},"excerpt":{"rendered":"Interior Volkswagen 7 GTI TCR acabado en una combinaci\u00f3n de Alcantara\/tejido gris rojo. Plug and play instalar en un Golf 7, el interior proviene de un coche de demostraci\u00f3n y es tan bueno como nuevo, aparte de algunos da\u00f1os menores de desmontaje. Estos se muestran en las im\u00e1genes. Caracter\u00edsticas: ajuste manual de altura, soporte lumbar manual y un ajuste manual del respaldo. Airbags est\u00e1n incluidos con este interior. Nota: \u00a1No se incluyen paneles de puerta con este interior!","protected":false},"featured_media":6971,"comment_status":"open","ping_status":"closed","template":"","meta":{"_acf_changed":false},"product_brand":[],"product_cat":[115,1355],"product_tag":[787,976,972,977,978,973],"class_list":{"0":"post-10217","1":"product","2":"type-product","3":"status-publish","4":"has-post-thumbnail","6":"product_cat-demo-interieurs","7":"product_cat-volkswagen","8":"product_tag-787","9":"product_tag-golf-7","10":"product_tag-interieur","11":"product_tag-mk7","12":"product_tag-tcr","13":"product_tag-volkswagen","14":"product_shipping_class-auto-interieurs","16":"first","17":"outofstock","18":"taxable","19":"shipping-taxable","20":"purchasable","21":"product-type-simple"},"composite_virtual":false,"composite_layout":"","composite_add_to_cart_form_location":"","composite_editable_in_cart":false,"composite_sold_individually_context":"","composite_shop_price_calc":"","composite_components":[],"composite_scenarios":[],"exclude_global_add_ons":[],"addons":[],"acf":[],"yoast_head":null,"yoast_head_json":null,"_links":{"self":[{"href":"https:\/\/www.carseatsandparts.com\/es\/wp-json\/wp\/v2\/product\/10217","targetHints":{"allow":["GET"]}}],"collection":[{"href":"https:\/\/www.carseatsandparts.com\/es\/wp-json\/wp\/v2\/product"}],"about":[{"href":"https:\/\/www.carseatsandparts.com\/es\/wp-json\/wp\/v2\/types\/product"}],"replies":[{"embeddable":true,"href":"https:\/\/www.carseatsandparts.com\/es\/wp-json\/wp\/v2\/comments?post=10217"}],"wp:featuredmedia":[{"embeddable":true,"href":"https:\/\/www.carseatsandparts.com\/es\/wp-json\/wp\/v2\/media\/6971"}],"wp:attachment":[{"href":"https:\/\/www.carseatsandparts.com\/es\/wp-json\/wp\/v2\/media?parent=10217"}],"wp:term":[{"taxonomy":"product_brand","embeddable":true,"href":"https:\/\/www.carseatsandparts.com\/es\/wp-json\/wp\/v2\/product_brand?post=10217"},{"taxonomy":"product_cat","embeddable":true,"href":"https:\/\/www.carseatsandparts.com\/es\/wp-json\/wp\/v2\/product_cat?post=10217"},{"taxonomy":"product_tag","embeddable":true,"href":"https:\/\/www.carseatsandparts.com\/es\/wp-json\/wp\/v2\/product_tag?post=10217"}],"curies":[{"name":"wp","href":"https:\/\/api.w.org\/{rel}","templated":true}]}}