{"id":10361,"date":"2022-12-15T13:36:25","date_gmt":"2022-12-15T12:36:25","guid":{"rendered":"https:\/\/www.carseatsandparts.com\/?post_type=product&#038;p=10361"},"modified":"2024-12-04T11:21:10","modified_gmt":"2024-12-04T10:21:10","slug":"gebruikt-recaro-inbouwconsole-opel-combo-2001-2012-links-op85","status":"publish","type":"product","link":"https:\/\/www.carseatsandparts.com\/es\/producto\/gebruikt-recaro-inbouwconsole-opel-combo-2001-2012-links-op85\/","title":{"rendered":"ASS Usado Consola empotrada Opel Combo 2001-2012 Izquierda OP85"},"content":{"rendered":"<p>Consola empotrada RECARO usada para el lado del conductor de un Opel Combo del a\u00f1o 2001 - 2012 OP85<\/p>","protected":false},"excerpt":{"rendered":"Marco de instalaci\u00f3n ASS adecuado para el lado del conductor de un Opel Combo. N\u00famero de art\u00edculo:","protected":false},"featured_media":10367,"comment_status":"open","ping_status":"closed","template":"","meta":{"_acf_changed":false},"product_brand":[],"product_cat":[158],"product_tag":[928],"class_list":{"0":"post-10361","1":"product","2":"type-product","3":"status-publish","4":"has-post-thumbnail","6":"product_cat-consoles","7":"product_tag-op85","8":"product_shipping_class-onderdelen-console","10":"first","11":"instock","12":"taxable","13":"shipping-taxable","14":"purchasable","15":"product-type-simple"},"composite_virtual":false,"composite_layout":"","composite_add_to_cart_form_location":"","composite_editable_in_cart":false,"composite_sold_individually_context":"","composite_shop_price_calc":"","composite_components":[],"composite_scenarios":[],"exclude_global_add_ons":[],"addons":[],"acf":[],"yoast_head":null,"yoast_head_json":null,"_links":{"self":[{"href":"https:\/\/www.carseatsandparts.com\/es\/wp-json\/wp\/v2\/product\/10361","targetHints":{"allow":["GET"]}}],"collection":[{"href":"https:\/\/www.carseatsandparts.com\/es\/wp-json\/wp\/v2\/product"}],"about":[{"href":"https:\/\/www.carseatsandparts.com\/es\/wp-json\/wp\/v2\/types\/product"}],"replies":[{"embeddable":true,"href":"https:\/\/www.carseatsandparts.com\/es\/wp-json\/wp\/v2\/comments?post=10361"}],"wp:featuredmedia":[{"embeddable":true,"href":"https:\/\/www.carseatsandparts.com\/es\/wp-json\/wp\/v2\/media\/10367"}],"wp:attachment":[{"href":"https:\/\/www.carseatsandparts.com\/es\/wp-json\/wp\/v2\/media?parent=10361"}],"wp:term":[{"taxonomy":"product_brand","embeddable":true,"href":"https:\/\/www.carseatsandparts.com\/es\/wp-json\/wp\/v2\/product_brand?post=10361"},{"taxonomy":"product_cat","embeddable":true,"href":"https:\/\/www.carseatsandparts.com\/es\/wp-json\/wp\/v2\/product_cat?post=10361"},{"taxonomy":"product_tag","embeddable":true,"href":"https:\/\/www.carseatsandparts.com\/es\/wp-json\/wp\/v2\/product_tag?post=10361"}],"curies":[{"name":"wp","href":"https:\/\/api.w.org\/{rel}","templated":true}]}}