{"id":10932,"date":"2023-03-23T08:35:02","date_gmt":"2023-03-23T07:35:02","guid":{"rendered":"https:\/\/www.carseatsandparts.com\/?post_type=product&#038;p=10932"},"modified":"2026-01-23T14:14:59","modified_gmt":"2026-01-23T13:14:59","slug":"porsche-bekleding-clip-luxorbeige","status":"publish","type":"product","link":"https:\/\/www.carseatsandparts.com\/es\/product\/porsche-bekleding-clip-luxorbeige\/","title":{"rendered":"Tapicer\u00eda Porsche CLIP LUXORBEIGE"},"content":{"rendered":"","protected":false},"excerpt":{"rendered":"<strong>Tapicer\u00eda Porsche CLIP LUXURY por metro lineal<\/strong>\r\n\r\nLa tapicer\u00eda Porsche CLIP LUXORBEIGE del a\u00f1o de fabricaci\u00f3n 2018 por metro lineal es adecuada para la reparaci\u00f3n, modificaci\u00f3n y tapicer\u00eda personalizada de asientos de autom\u00f3viles y piezas interiores. Esta tapicer\u00eda se utiliza ampliamente en asientos deportivos, asientos de carcasa y proyectos de interiores personalizados y es adecuada tanto para reparaciones como para retapizados completos.\r\n\r\nComo la tapicer\u00eda Porsche CLIP LUXORBEIGE se suministra por metros, puede pedir la cantidad exacta necesaria para su proyecto. Esto la hace ideal para restauraciones, reparaciones parciales y tapizados personalizados.","protected":false},"featured_media":10933,"comment_status":"open","ping_status":"closed","template":"","meta":{"_acf_changed":false},"product_brand":[],"product_cat":[225,1358],"product_tag":[992],"class_list":{"0":"post-10932","1":"product","2":"type-product","3":"status-publish","4":"has-post-thumbnail","6":"product_cat-per-strekkende-meter","7":"product_cat-porsche","8":"product_tag-pors10976","9":"product_shipping_class-onderdelen-console","11":"first","12":"instock","13":"taxable","14":"shipping-taxable","15":"purchasable","16":"product-type-simple"},"composite_virtual":false,"composite_layout":"","composite_add_to_cart_form_location":"","composite_editable_in_cart":false,"composite_sold_individually_context":"","composite_shop_price_calc":"","composite_components":[],"composite_scenarios":[],"exclude_global_add_ons":[],"addons":[],"acf":[],"yoast_head":null,"yoast_head_json":null,"_links":{"self":[{"href":"https:\/\/www.carseatsandparts.com\/es\/wp-json\/wp\/v2\/product\/10932","targetHints":{"allow":["GET"]}}],"collection":[{"href":"https:\/\/www.carseatsandparts.com\/es\/wp-json\/wp\/v2\/product"}],"about":[{"href":"https:\/\/www.carseatsandparts.com\/es\/wp-json\/wp\/v2\/types\/product"}],"replies":[{"embeddable":true,"href":"https:\/\/www.carseatsandparts.com\/es\/wp-json\/wp\/v2\/comments?post=10932"}],"wp:featuredmedia":[{"embeddable":true,"href":"https:\/\/www.carseatsandparts.com\/es\/wp-json\/wp\/v2\/media\/10933"}],"wp:attachment":[{"href":"https:\/\/www.carseatsandparts.com\/es\/wp-json\/wp\/v2\/media?parent=10932"}],"wp:term":[{"taxonomy":"product_brand","embeddable":true,"href":"https:\/\/www.carseatsandparts.com\/es\/wp-json\/wp\/v2\/product_brand?post=10932"},{"taxonomy":"product_cat","embeddable":true,"href":"https:\/\/www.carseatsandparts.com\/es\/wp-json\/wp\/v2\/product_cat?post=10932"},{"taxonomy":"product_tag","embeddable":true,"href":"https:\/\/www.carseatsandparts.com\/es\/wp-json\/wp\/v2\/product_tag?post=10932"}],"curies":[{"name":"wp","href":"https:\/\/api.w.org\/{rel}","templated":true}]}}