{"id":10957,"date":"2023-03-23T15:35:40","date_gmt":"2023-03-23T14:35:40","guid":{"rendered":"https:\/\/www.carseatsandparts.com\/?post_type=product&#038;p=10957"},"modified":"2026-01-23T15:30:43","modified_gmt":"2026-01-23T14:30:43","slug":"porsche-bekleding-flanell-streifen-beige","status":"publish","type":"product","link":"https:\/\/www.carseatsandparts.com\/es\/producto\/porsche-bekleding-flanell-streifen-beige\/","title":{"rendered":"Tapicer\u00eda Porsche FLANELL STREIFEN Beige"},"content":{"rendered":"","protected":false},"excerpt":{"rendered":"<strong>Tapicer\u00eda Porsche FLANELL STREIFEN Beige por metro lineal<\/strong>\r\n\r\nEl tejido Porsche FLANELL STREIFEN Beige est\u00e1 destinado a los modelos 911, 924, 944 &amp; 928 del a\u00f1o 1987-. La tapicer\u00eda de tela Porsche FLANELL STREIFEN Beige por metro lineal es adecuada para la reparaci\u00f3n, modificaci\u00f3n y tapicer\u00eda personalizada de asientos de autom\u00f3viles y piezas interiores. Esta tapicer\u00eda se utiliza ampliamente en asientos deportivos, asientos de carcasa y proyectos de interiores personalizados y es adecuada tanto para reparaciones como para retapizados completos.\r\n\r\nComo el tejido Porsche FLANELL STREIFEN Beige se suministra por metro lineal, puede pedir la cantidad exacta necesaria para su proyecto. Esto hace que esta tapicer\u00eda por metro lineal sea ideal para restauraciones, reparaciones parciales y trabajos de tapicer\u00eda a medida.\r\n\r\n&nbsp;","protected":false},"featured_media":10958,"comment_status":"open","ping_status":"closed","template":"","meta":{"_acf_changed":false},"product_brand":[],"product_cat":[1358,225],"product_tag":[1005],"class_list":{"0":"post-10957","1":"product","2":"type-product","3":"status-publish","4":"has-post-thumbnail","6":"product_cat-porsche","7":"product_cat-per-strekkende-meter","8":"product_tag-flanell-streifen","9":"product_shipping_class-onderdelen-console","11":"first","12":"instock","13":"taxable","14":"shipping-taxable","15":"purchasable","16":"product-type-simple"},"composite_virtual":false,"composite_layout":"","composite_add_to_cart_form_location":"","composite_editable_in_cart":false,"composite_sold_individually_context":"","composite_shop_price_calc":"","composite_components":[],"composite_scenarios":[],"exclude_global_add_ons":[],"addons":[],"acf":[],"yoast_head":null,"yoast_head_json":null,"_links":{"self":[{"href":"https:\/\/www.carseatsandparts.com\/es\/wp-json\/wp\/v2\/product\/10957","targetHints":{"allow":["GET"]}}],"collection":[{"href":"https:\/\/www.carseatsandparts.com\/es\/wp-json\/wp\/v2\/product"}],"about":[{"href":"https:\/\/www.carseatsandparts.com\/es\/wp-json\/wp\/v2\/types\/product"}],"replies":[{"embeddable":true,"href":"https:\/\/www.carseatsandparts.com\/es\/wp-json\/wp\/v2\/comments?post=10957"}],"wp:featuredmedia":[{"embeddable":true,"href":"https:\/\/www.carseatsandparts.com\/es\/wp-json\/wp\/v2\/media\/10958"}],"wp:attachment":[{"href":"https:\/\/www.carseatsandparts.com\/es\/wp-json\/wp\/v2\/media?parent=10957"}],"wp:term":[{"taxonomy":"product_brand","embeddable":true,"href":"https:\/\/www.carseatsandparts.com\/es\/wp-json\/wp\/v2\/product_brand?post=10957"},{"taxonomy":"product_cat","embeddable":true,"href":"https:\/\/www.carseatsandparts.com\/es\/wp-json\/wp\/v2\/product_cat?post=10957"},{"taxonomy":"product_tag","embeddable":true,"href":"https:\/\/www.carseatsandparts.com\/es\/wp-json\/wp\/v2\/product_tag?post=10957"}],"curies":[{"name":"wp","href":"https:\/\/api.w.org\/{rel}","templated":true}]}}