{"id":11025,"date":"2023-03-24T11:54:58","date_gmt":"2023-03-24T10:54:58","guid":{"rendered":"https:\/\/www.carseatsandparts.com\/?post_type=product&#038;p=11025"},"modified":"2024-12-04T11:21:20","modified_gmt":"2024-12-04T10:21:20","slug":"porsche-bekleding-schwarz-weiss-code7bn","status":"publish","type":"product","link":"https:\/\/www.carseatsandparts.com\/es\/product\/porsche-bekleding-schwarz-weiss-code7bn\/","title":{"rendered":"Tapicer\u00eda Porsche SCHWARZ\/WEISS CODE7BN"},"content":{"rendered":"","protected":false},"excerpt":{"rendered":"El tejido Porsche SCHWARZ\/WEISS CODE7BN est\u00e1 destinado a los modelos 911, 924, 928 y 944 de 1984 a 1990. Velour W-vinculaci\u00f3n con raya diplom\u00e1tica.","protected":false},"featured_media":11026,"comment_status":"open","ping_status":"closed","template":"","meta":{"_acf_changed":false},"product_brand":[],"product_cat":[225,1358],"product_tag":[1038],"class_list":{"0":"post-11025","1":"product","2":"type-product","3":"status-publish","4":"has-post-thumbnail","6":"product_cat-per-strekkende-meter","7":"product_cat-porsche","8":"product_tag-schwarz-weiss-code7bn","9":"product_shipping_class-onderdelen-console","11":"first","12":"instock","13":"taxable","14":"shipping-taxable","15":"purchasable","16":"product-type-simple"},"composite_virtual":false,"composite_layout":"","composite_add_to_cart_form_location":"","composite_editable_in_cart":false,"composite_sold_individually_context":"","composite_shop_price_calc":"","composite_components":[],"composite_scenarios":[],"exclude_global_add_ons":[],"addons":[],"acf":[],"yoast_head":null,"yoast_head_json":null,"_links":{"self":[{"href":"https:\/\/www.carseatsandparts.com\/es\/wp-json\/wp\/v2\/product\/11025","targetHints":{"allow":["GET"]}}],"collection":[{"href":"https:\/\/www.carseatsandparts.com\/es\/wp-json\/wp\/v2\/product"}],"about":[{"href":"https:\/\/www.carseatsandparts.com\/es\/wp-json\/wp\/v2\/types\/product"}],"replies":[{"embeddable":true,"href":"https:\/\/www.carseatsandparts.com\/es\/wp-json\/wp\/v2\/comments?post=11025"}],"wp:featuredmedia":[{"embeddable":true,"href":"https:\/\/www.carseatsandparts.com\/es\/wp-json\/wp\/v2\/media\/11026"}],"wp:attachment":[{"href":"https:\/\/www.carseatsandparts.com\/es\/wp-json\/wp\/v2\/media?parent=11025"}],"wp:term":[{"taxonomy":"product_brand","embeddable":true,"href":"https:\/\/www.carseatsandparts.com\/es\/wp-json\/wp\/v2\/product_brand?post=11025"},{"taxonomy":"product_cat","embeddable":true,"href":"https:\/\/www.carseatsandparts.com\/es\/wp-json\/wp\/v2\/product_cat?post=11025"},{"taxonomy":"product_tag","embeddable":true,"href":"https:\/\/www.carseatsandparts.com\/es\/wp-json\/wp\/v2\/product_tag?post=11025"}],"curies":[{"name":"wp","href":"https:\/\/api.w.org\/{rel}","templated":true}]}}