{"id":11286,"date":"2023-04-25T09:00:50","date_gmt":"2023-04-25T07:00:50","guid":{"rendered":"https:\/\/www.carseatsandparts.com\/?post_type=product&#038;p=11286"},"modified":"2026-01-01T23:00:09","modified_gmt":"2026-01-01T22:00:09","slug":"interieur-vw-golf-8-gti-cs-cd-grijs-rood","status":"publish","type":"product","link":"https:\/\/www.carseatsandparts.com\/es\/producto\/interieur-vw-golf-8-gti-cs-cd-grijs-rood\/","title":{"rendered":"Interior VW Golf 8 GTI CS (CD) Gris\/Rojo"},"content":{"rendered":"","protected":false},"excerpt":{"rendered":"Interior Volkswagen 8 GTI CS (CD) acabado en una combinaci\u00f3n de cuero gris y rojo y con el logotipo GTI. Plug and play instalar en un Golf 8, el interior proviene de un coche de demostraci\u00f3n y est\u00e1 como nuevo, aparte de algunos da\u00f1os menores de desmontaje. El asiento del conductor tiene las siguientes caracter\u00edsticas: memoria, ajuste el\u00e9ctrico de \u00e1ngulo y altura, lumbar el\u00e9ctrico, calefacci\u00f3n y respaldo el\u00e9ctrico. El asiento del pasajero tiene ajuste manual de altura y \u00e1ngulo, soporte lumbar manual, calefacci\u00f3n y ajuste manual del respaldo. NOTA: Este interior no incluye airbags.","protected":false},"featured_media":16599,"comment_status":"open","ping_status":"closed","template":"","meta":{"_acf_changed":false},"product_brand":[],"product_cat":[1355,115],"product_tag":[1114],"class_list":{"0":"post-11286","1":"product","2":"type-product","3":"status-publish","4":"has-post-thumbnail","6":"product_cat-volkswagen","7":"product_cat-demo-interieurs","8":"product_tag-1114","9":"product_shipping_class-auto-interieurs","11":"first","12":"instock","13":"taxable","14":"shipping-taxable","15":"purchasable","16":"product-type-simple"},"composite_virtual":false,"composite_layout":"","composite_add_to_cart_form_location":"","composite_editable_in_cart":false,"composite_sold_individually_context":"","composite_shop_price_calc":"","composite_components":[],"composite_scenarios":[],"exclude_global_add_ons":[],"addons":[],"acf":[],"yoast_head":null,"yoast_head_json":null,"_links":{"self":[{"href":"https:\/\/www.carseatsandparts.com\/es\/wp-json\/wp\/v2\/product\/11286","targetHints":{"allow":["GET"]}}],"collection":[{"href":"https:\/\/www.carseatsandparts.com\/es\/wp-json\/wp\/v2\/product"}],"about":[{"href":"https:\/\/www.carseatsandparts.com\/es\/wp-json\/wp\/v2\/types\/product"}],"replies":[{"embeddable":true,"href":"https:\/\/www.carseatsandparts.com\/es\/wp-json\/wp\/v2\/comments?post=11286"}],"wp:featuredmedia":[{"embeddable":true,"href":"https:\/\/www.carseatsandparts.com\/es\/wp-json\/wp\/v2\/media\/16599"}],"wp:attachment":[{"href":"https:\/\/www.carseatsandparts.com\/es\/wp-json\/wp\/v2\/media?parent=11286"}],"wp:term":[{"taxonomy":"product_brand","embeddable":true,"href":"https:\/\/www.carseatsandparts.com\/es\/wp-json\/wp\/v2\/product_brand?post=11286"},{"taxonomy":"product_cat","embeddable":true,"href":"https:\/\/www.carseatsandparts.com\/es\/wp-json\/wp\/v2\/product_cat?post=11286"},{"taxonomy":"product_tag","embeddable":true,"href":"https:\/\/www.carseatsandparts.com\/es\/wp-json\/wp\/v2\/product_tag?post=11286"}],"curies":[{"name":"wp","href":"https:\/\/api.w.org\/{rel}","templated":true}]}}