{"id":11351,"date":"2023-04-25T14:27:44","date_gmt":"2023-04-25T12:27:44","guid":{"rendered":"https:\/\/www.carseatsandparts.com\/?post_type=product&#038;p=11351"},"modified":"2025-01-31T09:30:36","modified_gmt":"2025-01-31T08:30:36","slug":"interieur-vw-t-roc-r-a11-alcantara-stof-grijs-zwart-b","status":"publish","type":"product","link":"https:\/\/www.carseatsandparts.com\/es\/product\/interieur-vw-t-roc-r-a11-alcantara-stof-grijs-zwart-b\/","title":{"rendered":"Interior VW T-Roc R (A11) Cuero Costuras Negro\/Azul"},"content":{"rendered":"","protected":false},"excerpt":{"rendered":"Interior Volkswagen T-Roc R (A11) acabado en cuero negro con costuras azules. Instalaci\u00f3n plug and play en un T-Roc. El interior proviene de un coche de demostraci\u00f3n y es tan bueno como nuevo, aparte de algunos da\u00f1os menores de desmontaje. El asiento del conductor tiene las siguientes funciones: ajuste el\u00e9ctrico del respaldo, ajuste el\u00e9ctrico del \u00e1ngulo y de la altura, calefacci\u00f3n, apoyo lumbar el\u00e9ctrico y funci\u00f3n de memoria. El asiento del acompa\u00f1ante tiene las siguientes funciones: ajuste manual del respaldo, ajuste manual del \u00e1ngulo y la altura, calefacci\u00f3n y apoyo lumbar manual. NOTA: El interior no incluye airbags.","protected":false},"featured_media":12534,"comment_status":"open","ping_status":"closed","template":"","meta":{"_acf_changed":false},"product_brand":[1294],"product_cat":[115,1355],"product_tag":[1313,972,1116],"class_list":{"0":"post-11351","1":"product","2":"type-product","3":"status-publish","4":"has-post-thumbnail","6":"product_brand-volkswagen","7":"product_cat-demo-interieurs","8":"product_cat-volkswagen","9":"product_tag-1313","10":"product_tag-interieur","11":"product_tag-t-roc","12":"product_shipping_class-auto-interieurs","14":"first","15":"outofstock","16":"taxable","17":"shipping-taxable","18":"purchasable","19":"product-type-simple"},"composite_virtual":false,"composite_layout":"","composite_add_to_cart_form_location":"","composite_editable_in_cart":false,"composite_sold_individually_context":"","composite_shop_price_calc":"","composite_components":[],"composite_scenarios":[],"exclude_global_add_ons":[],"addons":[],"acf":[],"yoast_head":null,"yoast_head_json":null,"_links":{"self":[{"href":"https:\/\/www.carseatsandparts.com\/es\/wp-json\/wp\/v2\/product\/11351","targetHints":{"allow":["GET"]}}],"collection":[{"href":"https:\/\/www.carseatsandparts.com\/es\/wp-json\/wp\/v2\/product"}],"about":[{"href":"https:\/\/www.carseatsandparts.com\/es\/wp-json\/wp\/v2\/types\/product"}],"replies":[{"embeddable":true,"href":"https:\/\/www.carseatsandparts.com\/es\/wp-json\/wp\/v2\/comments?post=11351"}],"wp:featuredmedia":[{"embeddable":true,"href":"https:\/\/www.carseatsandparts.com\/es\/wp-json\/wp\/v2\/media\/12534"}],"wp:attachment":[{"href":"https:\/\/www.carseatsandparts.com\/es\/wp-json\/wp\/v2\/media?parent=11351"}],"wp:term":[{"taxonomy":"product_brand","embeddable":true,"href":"https:\/\/www.carseatsandparts.com\/es\/wp-json\/wp\/v2\/product_brand?post=11351"},{"taxonomy":"product_cat","embeddable":true,"href":"https:\/\/www.carseatsandparts.com\/es\/wp-json\/wp\/v2\/product_cat?post=11351"},{"taxonomy":"product_tag","embeddable":true,"href":"https:\/\/www.carseatsandparts.com\/es\/wp-json\/wp\/v2\/product_tag?post=11351"}],"curies":[{"name":"wp","href":"https:\/\/api.w.org\/{rel}","templated":true}]}}