{"id":11491,"date":"2023-05-17T08:55:27","date_gmt":"2023-05-17T06:55:27","guid":{"rendered":"https:\/\/www.carseatsandparts.com\/?post_type=product&#038;p=11491"},"modified":"2024-12-04T11:21:29","modified_gmt":"2024-12-04T10:21:29","slug":"gebruikt-ass-frame-peugeot-partner-en-citroen-berlingo","status":"publish","type":"product","link":"https:\/\/www.carseatsandparts.com\/es\/producto\/gebruikt-ass-frame-peugeot-partner-en-citroen-berlingo\/","title":{"rendered":"Bastidor ASS usado Peugeot Partner y Citro\u00ebn Berlingo"},"content":{"rendered":"<p>Bastidor ASS usado para el lado del conductor de Peugeot Partner y Citro\u00ebn Berlingo (2008-2019). Adecuado para el montaje de muchas marcas de asientos de coche como RECARO, ASS y Scheel. N\u00famero de art\u00edculo PSA 65<\/p>","protected":false},"excerpt":{"rendered":"Bastidor ASS usado para el lado del conductor de Peugeot Partner y Citro\u00ebn Berlingo (2008-2019). Adecuado para el montaje de muchas marcas de asientos de coche como RECARO, ASS y Scheel. N\u00famero de art\u00edculo PSA 65","protected":false},"featured_media":11492,"comment_status":"open","ping_status":"closed","template":"","meta":{"_acf_changed":false},"product_brand":[],"product_cat":[158],"product_tag":[959],"class_list":{"0":"post-11491","1":"product","2":"type-product","3":"status-publish","4":"has-post-thumbnail","6":"product_cat-consoles","7":"product_tag-op35","8":"product_shipping_class-onderdelen-console","10":"first","11":"outofstock","12":"taxable","13":"shipping-taxable","14":"purchasable","15":"product-type-simple"},"composite_virtual":false,"composite_layout":"","composite_add_to_cart_form_location":"","composite_editable_in_cart":false,"composite_sold_individually_context":"","composite_shop_price_calc":"","composite_components":[],"composite_scenarios":[],"exclude_global_add_ons":[],"addons":[],"acf":[],"yoast_head":null,"yoast_head_json":null,"_links":{"self":[{"href":"https:\/\/www.carseatsandparts.com\/es\/wp-json\/wp\/v2\/product\/11491","targetHints":{"allow":["GET"]}}],"collection":[{"href":"https:\/\/www.carseatsandparts.com\/es\/wp-json\/wp\/v2\/product"}],"about":[{"href":"https:\/\/www.carseatsandparts.com\/es\/wp-json\/wp\/v2\/types\/product"}],"replies":[{"embeddable":true,"href":"https:\/\/www.carseatsandparts.com\/es\/wp-json\/wp\/v2\/comments?post=11491"}],"wp:featuredmedia":[{"embeddable":true,"href":"https:\/\/www.carseatsandparts.com\/es\/wp-json\/wp\/v2\/media\/11492"}],"wp:attachment":[{"href":"https:\/\/www.carseatsandparts.com\/es\/wp-json\/wp\/v2\/media?parent=11491"}],"wp:term":[{"taxonomy":"product_brand","embeddable":true,"href":"https:\/\/www.carseatsandparts.com\/es\/wp-json\/wp\/v2\/product_brand?post=11491"},{"taxonomy":"product_cat","embeddable":true,"href":"https:\/\/www.carseatsandparts.com\/es\/wp-json\/wp\/v2\/product_cat?post=11491"},{"taxonomy":"product_tag","embeddable":true,"href":"https:\/\/www.carseatsandparts.com\/es\/wp-json\/wp\/v2\/product_tag?post=11491"}],"curies":[{"name":"wp","href":"https:\/\/api.w.org\/{rel}","templated":true}]}}