{"id":11518,"date":"2023-05-17T11:33:08","date_gmt":"2023-05-17T09:33:08","guid":{"rendered":"https:\/\/www.carseatsandparts.com\/?post_type=product&#038;p=11518"},"modified":"2026-03-10T10:34:08","modified_gmt":"2026-03-10T09:34:08","slug":"recaro-cross-sportster-cs-recliner-schroeven-4st","status":"publish","type":"product","link":"https:\/\/www.carseatsandparts.com\/es\/producto\/recaro-cross-sportster-cs-recliner-schroeven-4st\/","title":{"rendered":"Perno reclinable RECARO (Cross) Sportster CS M12x16.5 N91014601 (juego de 4 piezas)"},"content":{"rendered":"","protected":false},"excerpt":{"rendered":"RECARO (Cross) Sporster CS pernos reclinables, destinados a la fijaci\u00f3n del respaldo al asiento. Tama\u00f1o M12x16,5, suministrados en juego de 4. N\u00famero de art\u00edculo: N91014601","protected":false},"featured_media":11519,"comment_status":"open","ping_status":"closed","template":"","meta":{"_acf_changed":false},"product_brand":[1284],"product_cat":[117,1359],"product_tag":[1137],"class_list":{"0":"post-11518","1":"product","2":"type-product","3":"status-publish","4":"has-post-thumbnail","6":"product_brand-recaro","7":"product_cat-autostoel-onderdelen","8":"product_cat-recaro","9":"product_tag-1137","10":"product_shipping_class-onderdelen-buspakje","12":"first","13":"instock","14":"taxable","15":"shipping-taxable","16":"purchasable","17":"product-type-simple"},"composite_virtual":false,"composite_layout":"","composite_add_to_cart_form_location":"","composite_editable_in_cart":false,"composite_sold_individually_context":"","composite_shop_price_calc":"","composite_components":[],"composite_scenarios":[],"exclude_global_add_ons":[],"addons":[],"acf":[],"yoast_head":null,"yoast_head_json":null,"_links":{"self":[{"href":"https:\/\/www.carseatsandparts.com\/es\/wp-json\/wp\/v2\/product\/11518","targetHints":{"allow":["GET"]}}],"collection":[{"href":"https:\/\/www.carseatsandparts.com\/es\/wp-json\/wp\/v2\/product"}],"about":[{"href":"https:\/\/www.carseatsandparts.com\/es\/wp-json\/wp\/v2\/types\/product"}],"replies":[{"embeddable":true,"href":"https:\/\/www.carseatsandparts.com\/es\/wp-json\/wp\/v2\/comments?post=11518"}],"wp:featuredmedia":[{"embeddable":true,"href":"https:\/\/www.carseatsandparts.com\/es\/wp-json\/wp\/v2\/media\/11519"}],"wp:attachment":[{"href":"https:\/\/www.carseatsandparts.com\/es\/wp-json\/wp\/v2\/media?parent=11518"}],"wp:term":[{"taxonomy":"product_brand","embeddable":true,"href":"https:\/\/www.carseatsandparts.com\/es\/wp-json\/wp\/v2\/product_brand?post=11518"},{"taxonomy":"product_cat","embeddable":true,"href":"https:\/\/www.carseatsandparts.com\/es\/wp-json\/wp\/v2\/product_cat?post=11518"},{"taxonomy":"product_tag","embeddable":true,"href":"https:\/\/www.carseatsandparts.com\/es\/wp-json\/wp\/v2\/product_tag?post=11518"}],"curies":[{"name":"wp","href":"https:\/\/api.w.org\/{rel}","templated":true}]}}