{"id":11596,"date":"2023-06-16T09:28:03","date_gmt":"2023-06-16T07:28:03","guid":{"rendered":"https:\/\/www.carseatsandparts.com\/?post_type=product&#038;p=11596"},"modified":"2025-03-17T11:49:38","modified_gmt":"2025-03-17T10:49:38","slug":"schuimdeel-volkswagen-t1-t3-bj-1979-1992","status":"publish","type":"product","link":"https:\/\/www.carseatsandparts.com\/es\/product\/schuimdeel-volkswagen-t1-t3-bj-1979-1992\/","title":{"rendered":"Espuma parte Volkswagen T1-T3 construir 1979-1992"},"content":{"rendered":"","protected":false},"excerpt":{"rendered":"<strong data-start=\"61\" data-end=\"137\">Pieza de espuma para el asiento de un Volkswagen T1-T3 (a\u00f1o 1979-1992)<\/strong>\r\n\r\n<strong data-start=\"141\" data-end=\"195\">Recupera la comodidad de los asientos de tu Volkswagen T1-T3<\/strong>\r\n\r\n\u00bfEl asiento de su Volkswagen T1, T2 o T3 se ha desgastado con el paso de los a\u00f1os o ya no proporciona el apoyo deseado? Esta pieza de recambio de espuma de alta calidad est\u00e1 especialmente dise\u00f1ada para restaurar su asiento a las mejores condiciones, garantizando un confort \u00f3ptimo en cada viaje.","protected":false},"featured_media":11597,"comment_status":"open","ping_status":"closed","template":"","meta":{"_acf_changed":false},"product_brand":[],"product_cat":[177,1355],"product_tag":[1154],"class_list":{"0":"post-11596","1":"product","2":"type-product","3":"status-publish","4":"has-post-thumbnail","6":"product_cat-zitting","7":"product_cat-volkswagen","8":"product_tag-bestell-nr-07","9":"product_shipping_class-onderdelen-console","11":"first","12":"instock","13":"taxable","14":"shipping-taxable","15":"purchasable","16":"product-type-simple"},"composite_virtual":false,"composite_layout":"","composite_add_to_cart_form_location":"","composite_editable_in_cart":false,"composite_sold_individually_context":"","composite_shop_price_calc":"","composite_components":[],"composite_scenarios":[],"exclude_global_add_ons":[],"addons":[],"acf":[],"yoast_head":null,"yoast_head_json":null,"_links":{"self":[{"href":"https:\/\/www.carseatsandparts.com\/es\/wp-json\/wp\/v2\/product\/11596","targetHints":{"allow":["GET"]}}],"collection":[{"href":"https:\/\/www.carseatsandparts.com\/es\/wp-json\/wp\/v2\/product"}],"about":[{"href":"https:\/\/www.carseatsandparts.com\/es\/wp-json\/wp\/v2\/types\/product"}],"replies":[{"embeddable":true,"href":"https:\/\/www.carseatsandparts.com\/es\/wp-json\/wp\/v2\/comments?post=11596"}],"wp:featuredmedia":[{"embeddable":true,"href":"https:\/\/www.carseatsandparts.com\/es\/wp-json\/wp\/v2\/media\/11597"}],"wp:attachment":[{"href":"https:\/\/www.carseatsandparts.com\/es\/wp-json\/wp\/v2\/media?parent=11596"}],"wp:term":[{"taxonomy":"product_brand","embeddable":true,"href":"https:\/\/www.carseatsandparts.com\/es\/wp-json\/wp\/v2\/product_brand?post=11596"},{"taxonomy":"product_cat","embeddable":true,"href":"https:\/\/www.carseatsandparts.com\/es\/wp-json\/wp\/v2\/product_cat?post=11596"},{"taxonomy":"product_tag","embeddable":true,"href":"https:\/\/www.carseatsandparts.com\/es\/wp-json\/wp\/v2\/product_tag?post=11596"}],"curies":[{"name":"wp","href":"https:\/\/api.w.org\/{rel}","templated":true}]}}