{"id":11781,"date":"2023-07-12T11:39:13","date_gmt":"2023-07-12T09:39:13","guid":{"rendered":"https:\/\/www.carseatsandparts.com\/?post_type=product&#038;p=11781"},"modified":"2024-12-11T12:14:23","modified_gmt":"2024-12-11T11:14:23","slug":"schuimdeel-rugleuning-land-rover-defender-bj-ab-1990","status":"publish","type":"product","link":"https:\/\/www.carseatsandparts.com\/es\/producto\/schuimdeel-rugleuning-land-rover-defender-bj-ab-1990\/","title":{"rendered":"Espuma parte Respaldo Land Rover Defender A partir del a\u00f1o 1990"},"content":{"rendered":"","protected":false},"excerpt":{"rendered":"Pieza de espuma para el respaldo de un Land Rover Defender A partir de 1990\r\n\r\n<strong>Pieza de espuma para Land Rover Defender<\/strong>\r\n\r\nLa pieza de espuma para Land Rover Defender es una soluci\u00f3n ideal para restaurar el soporte y la comodidad de asiento de su veh\u00edculo. Si su pieza de espuma actual est\u00e1 desgastada por a\u00f1os de uso o simplemente ya no proporciona el apoyo deseado, esta pieza de espuma de repuesto le ayudar\u00e1 a restaurar su asiento a las mejores condiciones.\r\n\r\n<strong>Ventajas clave:<\/strong>\r\n\r\nMayor comodidad: restablece el apoyo original y proporciona una c\u00f3moda experiencia de asiento.\r\n\r\n<strong>Sostenibilidad: <\/strong>Fabricado con espuma de alta calidad resistente a la abrasi\u00f3n y para un uso prolongado.\r\n\r\nF\u00e1cil de sustituir: Esta pieza de espuma est\u00e1 dise\u00f1ada para una f\u00e1cil sustituci\u00f3n.\r\n\r\n<strong>Ajuste perfecto:<\/strong> Especialmente dise\u00f1ado para adaptarse perfectamente al dise\u00f1o original de los asientos del Land Rover Defender.\r\n\r\n<strong>\u00bfPor qu\u00e9 sustituir una pieza de espuma?<\/strong>\r\n\r\nCon el tiempo, la espuma de los asientos de coche puede perder su forma, lo que reduce la sujeci\u00f3n y el confort. Sustituir la espuma es una forma pr\u00e1ctica y asequible de recuperar el confort y prolongar la vida \u00fatil del asiento. Esto es especialmente importante para las personas que recorren muchos kil\u00f3metros y para quienes valoran los asientos ergon\u00f3micos.","protected":false},"featured_media":11782,"comment_status":"open","ping_status":"closed","template":"","meta":{"_acf_changed":false},"product_brand":[],"product_cat":[178],"product_tag":[1234],"class_list":{"0":"post-11781","1":"product","2":"type-product","3":"status-publish","4":"has-post-thumbnail","6":"product_cat-rugleuning","7":"product_tag-bestell-nr-234","8":"product_shipping_class-onderdelen-console","10":"first","11":"instock","12":"taxable","13":"shipping-taxable","14":"purchasable","15":"product-type-simple"},"composite_virtual":false,"composite_layout":"","composite_add_to_cart_form_location":"","composite_editable_in_cart":false,"composite_sold_individually_context":"","composite_shop_price_calc":"","composite_components":[],"composite_scenarios":[],"exclude_global_add_ons":[],"addons":[],"acf":[],"yoast_head":null,"yoast_head_json":null,"_links":{"self":[{"href":"https:\/\/www.carseatsandparts.com\/es\/wp-json\/wp\/v2\/product\/11781","targetHints":{"allow":["GET"]}}],"collection":[{"href":"https:\/\/www.carseatsandparts.com\/es\/wp-json\/wp\/v2\/product"}],"about":[{"href":"https:\/\/www.carseatsandparts.com\/es\/wp-json\/wp\/v2\/types\/product"}],"replies":[{"embeddable":true,"href":"https:\/\/www.carseatsandparts.com\/es\/wp-json\/wp\/v2\/comments?post=11781"}],"wp:featuredmedia":[{"embeddable":true,"href":"https:\/\/www.carseatsandparts.com\/es\/wp-json\/wp\/v2\/media\/11782"}],"wp:attachment":[{"href":"https:\/\/www.carseatsandparts.com\/es\/wp-json\/wp\/v2\/media?parent=11781"}],"wp:term":[{"taxonomy":"product_brand","embeddable":true,"href":"https:\/\/www.carseatsandparts.com\/es\/wp-json\/wp\/v2\/product_brand?post=11781"},{"taxonomy":"product_cat","embeddable":true,"href":"https:\/\/www.carseatsandparts.com\/es\/wp-json\/wp\/v2\/product_cat?post=11781"},{"taxonomy":"product_tag","embeddable":true,"href":"https:\/\/www.carseatsandparts.com\/es\/wp-json\/wp\/v2\/product_tag?post=11781"}],"curies":[{"name":"wp","href":"https:\/\/api.w.org\/{rel}","templated":true}]}}