{"id":12044,"date":"2023-08-24T09:44:09","date_gmt":"2023-08-24T07:44:09","guid":{"rendered":"https:\/\/www.carseatsandparts.com\/?post_type=product&#038;p=12044"},"modified":"2026-03-03T08:30:31","modified_gmt":"2026-03-03T07:30:31","slug":"interieur-toyota-gr-supra-db-mk5","status":"publish","type":"product","link":"https:\/\/www.carseatsandparts.com\/es\/producto\/interieur-toyota-gr-supra-db-mk5\/","title":{"rendered":"Interior Toyota GR Supra (DB) MK5"},"content":{"rendered":"","protected":false},"excerpt":{"rendered":"Interior Toyota Supra Mk5 acabado en cuero negro y Alcantara. Los asientos son ajustables el\u00e9ctricamente y plug and play para instalar en un Toyota Supra (DB) MK5. Disponen de apoyo lumbar el\u00e9ctrico, calefacci\u00f3n y memoria. El interior proviene de un coche de demostraci\u00f3n y es tan bueno como nuevo, aparte de algunos da\u00f1os menores indicados. Altavoces, airbags y paneles de las puertas no est\u00e1n incluidos.","protected":false},"featured_media":17389,"comment_status":"open","ping_status":"closed","template":"","meta":{"_acf_changed":false},"product_brand":[],"product_cat":[115],"product_tag":[1268],"class_list":{"0":"post-12044","1":"product","2":"type-product","3":"status-publish","4":"has-post-thumbnail","6":"product_cat-demo-interieurs","7":"product_tag-1268","8":"product_shipping_class-auto-interieurs","10":"first","11":"instock","12":"taxable","13":"shipping-taxable","14":"purchasable","15":"product-type-simple"},"composite_virtual":false,"composite_layout":"","composite_add_to_cart_form_location":"","composite_editable_in_cart":false,"composite_sold_individually_context":"","composite_shop_price_calc":"","composite_components":[],"composite_scenarios":[],"exclude_global_add_ons":[],"addons":[],"acf":[],"yoast_head":null,"yoast_head_json":null,"_links":{"self":[{"href":"https:\/\/www.carseatsandparts.com\/es\/wp-json\/wp\/v2\/product\/12044","targetHints":{"allow":["GET"]}}],"collection":[{"href":"https:\/\/www.carseatsandparts.com\/es\/wp-json\/wp\/v2\/product"}],"about":[{"href":"https:\/\/www.carseatsandparts.com\/es\/wp-json\/wp\/v2\/types\/product"}],"replies":[{"embeddable":true,"href":"https:\/\/www.carseatsandparts.com\/es\/wp-json\/wp\/v2\/comments?post=12044"}],"wp:featuredmedia":[{"embeddable":true,"href":"https:\/\/www.carseatsandparts.com\/es\/wp-json\/wp\/v2\/media\/17389"}],"wp:attachment":[{"href":"https:\/\/www.carseatsandparts.com\/es\/wp-json\/wp\/v2\/media?parent=12044"}],"wp:term":[{"taxonomy":"product_brand","embeddable":true,"href":"https:\/\/www.carseatsandparts.com\/es\/wp-json\/wp\/v2\/product_brand?post=12044"},{"taxonomy":"product_cat","embeddable":true,"href":"https:\/\/www.carseatsandparts.com\/es\/wp-json\/wp\/v2\/product_cat?post=12044"},{"taxonomy":"product_tag","embeddable":true,"href":"https:\/\/www.carseatsandparts.com\/es\/wp-json\/wp\/v2\/product_tag?post=12044"}],"curies":[{"name":"wp","href":"https:\/\/api.w.org\/{rel}","templated":true}]}}