{"id":12251,"date":"2023-10-04T09:08:13","date_gmt":"2023-10-04T07:08:13","guid":{"rendered":"https:\/\/www.carseatsandparts.com\/?post_type=product&#038;p=12251"},"modified":"2026-02-20T10:36:13","modified_gmt":"2026-02-20T09:36:13","slug":"recaro-sport-trendline-dinamica-blauw-kunstleder-zwart","status":"publish","type":"product","link":"https:\/\/www.carseatsandparts.com\/es\/product\/recaro-sport-trendline-dinamica-blauw-kunstleder-zwart\/","title":{"rendered":"RECARO Sport Trendline Dinamica azul\/Cuero artificial negro"},"content":{"rendered":"","protected":false},"excerpt":{"rendered":"Conjunto de RECARO Sport Trendline acabado en azul Dinamica y negro de cuero de imitaci\u00f3n. Los asientos provienen de una sala de exposici\u00f3n y son por lo tanto tan bueno como nuevo, aparte de algunos signos menores de uso, que se puede ver en las fotos. N\u00famero de art\u00edculo: 264.00.0586","protected":false},"featured_media":16560,"comment_status":"open","ping_status":"closed","template":"","meta":{"_acf_changed":false},"product_brand":[1284],"product_cat":[187,1359],"product_tag":[1290,946,1304],"class_list":{"0":"post-12251","1":"product","2":"type-product","3":"status-publish","4":"has-post-thumbnail","6":"product_brand-recaro","7":"product_cat-demo-autostoelen","8":"product_cat-recaro","9":"product_tag-1290","10":"product_tag-recaro","11":"product_tag-sport","12":"product_shipping_class-auto-stoelen","14":"first","15":"outofstock","16":"taxable","17":"shipping-taxable","18":"purchasable","19":"product-type-simple"},"composite_virtual":false,"composite_layout":"","composite_add_to_cart_form_location":"","composite_editable_in_cart":false,"composite_sold_individually_context":"","composite_shop_price_calc":"","composite_components":[],"composite_scenarios":[],"exclude_global_add_ons":[],"addons":[],"acf":[],"yoast_head":null,"yoast_head_json":null,"_links":{"self":[{"href":"https:\/\/www.carseatsandparts.com\/es\/wp-json\/wp\/v2\/product\/12251","targetHints":{"allow":["GET"]}}],"collection":[{"href":"https:\/\/www.carseatsandparts.com\/es\/wp-json\/wp\/v2\/product"}],"about":[{"href":"https:\/\/www.carseatsandparts.com\/es\/wp-json\/wp\/v2\/types\/product"}],"replies":[{"embeddable":true,"href":"https:\/\/www.carseatsandparts.com\/es\/wp-json\/wp\/v2\/comments?post=12251"}],"wp:featuredmedia":[{"embeddable":true,"href":"https:\/\/www.carseatsandparts.com\/es\/wp-json\/wp\/v2\/media\/16560"}],"wp:attachment":[{"href":"https:\/\/www.carseatsandparts.com\/es\/wp-json\/wp\/v2\/media?parent=12251"}],"wp:term":[{"taxonomy":"product_brand","embeddable":true,"href":"https:\/\/www.carseatsandparts.com\/es\/wp-json\/wp\/v2\/product_brand?post=12251"},{"taxonomy":"product_cat","embeddable":true,"href":"https:\/\/www.carseatsandparts.com\/es\/wp-json\/wp\/v2\/product_cat?post=12251"},{"taxonomy":"product_tag","embeddable":true,"href":"https:\/\/www.carseatsandparts.com\/es\/wp-json\/wp\/v2\/product_tag?post=12251"}],"curies":[{"name":"wp","href":"https:\/\/api.w.org\/{rel}","templated":true}]}}