{"id":12849,"date":"2023-12-09T14:34:21","date_gmt":"2023-12-09T13:34:21","guid":{"rendered":"https:\/\/www.carseatsandparts.com\/?post_type=product&#038;p=12849"},"modified":"2025-09-16T09:49:32","modified_gmt":"2025-09-16T07:49:32","slug":"recaro-universele-vlakke-glijrails-met-binnenbeugel-364954","status":"publish","type":"product","link":"https:\/\/www.carseatsandparts.com\/es\/product\/recaro-universele-vlakke-glijrails-met-binnenbeugel-364954\/","title":{"rendered":"RECARO riel de deslizamiento plano universal con soporte interior 364954"},"content":{"rendered":"","protected":false},"excerpt":{"rendered":"Gu\u00eda de deslizamiento plana universal RECARO con la manilla de accionamiento en el interior. N\u00famero de art\u00edculo 364954\r\n\r\n&nbsp;","protected":false},"featured_media":12850,"comment_status":"open","ping_status":"closed","template":"","meta":{"_acf_changed":false},"product_brand":[1284],"product_cat":[158,1359],"product_tag":[1334,1371,946],"class_list":{"0":"post-12849","1":"product","2":"type-product","3":"status-publish","4":"has-post-thumbnail","6":"product_brand-recaro","7":"product_cat-consoles","8":"product_cat-recaro","9":"product_tag-1334","10":"product_tag-glijrails","11":"product_tag-recaro","12":"product_shipping_class-onderdelen-console","14":"first","15":"instock","16":"taxable","17":"shipping-taxable","18":"purchasable","19":"product-type-simple"},"composite_virtual":false,"composite_layout":"","composite_add_to_cart_form_location":"","composite_editable_in_cart":false,"composite_sold_individually_context":"","composite_shop_price_calc":"","composite_components":[],"composite_scenarios":[],"exclude_global_add_ons":[],"addons":[],"acf":[],"yoast_head":null,"yoast_head_json":null,"_links":{"self":[{"href":"https:\/\/www.carseatsandparts.com\/es\/wp-json\/wp\/v2\/product\/12849","targetHints":{"allow":["GET"]}}],"collection":[{"href":"https:\/\/www.carseatsandparts.com\/es\/wp-json\/wp\/v2\/product"}],"about":[{"href":"https:\/\/www.carseatsandparts.com\/es\/wp-json\/wp\/v2\/types\/product"}],"replies":[{"embeddable":true,"href":"https:\/\/www.carseatsandparts.com\/es\/wp-json\/wp\/v2\/comments?post=12849"}],"wp:featuredmedia":[{"embeddable":true,"href":"https:\/\/www.carseatsandparts.com\/es\/wp-json\/wp\/v2\/media\/12850"}],"wp:attachment":[{"href":"https:\/\/www.carseatsandparts.com\/es\/wp-json\/wp\/v2\/media?parent=12849"}],"wp:term":[{"taxonomy":"product_brand","embeddable":true,"href":"https:\/\/www.carseatsandparts.com\/es\/wp-json\/wp\/v2\/product_brand?post=12849"},{"taxonomy":"product_cat","embeddable":true,"href":"https:\/\/www.carseatsandparts.com\/es\/wp-json\/wp\/v2\/product_cat?post=12849"},{"taxonomy":"product_tag","embeddable":true,"href":"https:\/\/www.carseatsandparts.com\/es\/wp-json\/wp\/v2\/product_tag?post=12849"}],"curies":[{"name":"wp","href":"https:\/\/api.w.org\/{rel}","templated":true}]}}