{"id":13184,"date":"2024-02-21T09:24:43","date_gmt":"2024-02-21T08:24:43","guid":{"rendered":"https:\/\/www.carseatsandparts.com\/?post_type=product&#038;p=13184"},"modified":"2025-05-26T09:28:09","modified_gmt":"2025-05-26T07:28:09","slug":"interieur-audi-e-tron-2020","status":"publish","type":"product","link":"https:\/\/www.carseatsandparts.com\/es\/product\/interieur-audi-e-tron-2020\/","title":{"rendered":"Interior 2020 Audi E-Tron"},"content":{"rendered":"","protected":false},"excerpt":{"rendered":"Interior del Audi E-tron 2020 acabado en cuero negro y costuras negras. Plug and play para instalar en un Audi E-tron. El interior proviene de un coche de demostraci\u00f3n y por lo tanto es tan bueno como nuevo, aparte de algunos da\u00f1os de desmontaje de luz que se puede ver en las fotos.\r\n\r\nCaracter\u00edsticas: ajuste el\u00e9ctrico de altura y \u00e1ngulo, apoyo lumbar el\u00e9ctrico, ajuste el\u00e9ctrico del respaldo, rieles de deslizamiento el\u00e9ctrico y calefacci\u00f3n de asiento. Los airbags y cinturones de seguridad est\u00e1n presentes con este interior y todav\u00eda en estado original, incluyendo los asientos traseros. Tambi\u00e9n se incluyen con este interior 4 alfombrillas y una consola central.\r\n\r\n&nbsp;\r\n\r\n&nbsp;","protected":false},"featured_media":16592,"comment_status":"open","ping_status":"closed","template":"","meta":{"_acf_changed":false},"product_brand":[1456],"product_cat":[1360,115],"product_tag":[1271,1454,1455,972],"class_list":{"0":"post-13184","1":"product","2":"type-product","3":"status-publish","4":"has-post-thumbnail","6":"product_brand-audi","7":"product_cat-audi","8":"product_cat-demo-interieurs","9":"product_tag-1271","10":"product_tag-audi","11":"product_tag-e-tron","12":"product_tag-interieur","13":"product_shipping_class-auto-interieurs","15":"first","16":"outofstock","17":"taxable","18":"shipping-taxable","19":"purchasable","20":"product-type-simple"},"composite_virtual":false,"composite_layout":"","composite_add_to_cart_form_location":"","composite_editable_in_cart":false,"composite_sold_individually_context":"","composite_shop_price_calc":"","composite_components":[],"composite_scenarios":[],"exclude_global_add_ons":[],"addons":[],"acf":[],"yoast_head":null,"yoast_head_json":null,"_links":{"self":[{"href":"https:\/\/www.carseatsandparts.com\/es\/wp-json\/wp\/v2\/product\/13184","targetHints":{"allow":["GET"]}}],"collection":[{"href":"https:\/\/www.carseatsandparts.com\/es\/wp-json\/wp\/v2\/product"}],"about":[{"href":"https:\/\/www.carseatsandparts.com\/es\/wp-json\/wp\/v2\/types\/product"}],"replies":[{"embeddable":true,"href":"https:\/\/www.carseatsandparts.com\/es\/wp-json\/wp\/v2\/comments?post=13184"}],"wp:featuredmedia":[{"embeddable":true,"href":"https:\/\/www.carseatsandparts.com\/es\/wp-json\/wp\/v2\/media\/16592"}],"wp:attachment":[{"href":"https:\/\/www.carseatsandparts.com\/es\/wp-json\/wp\/v2\/media?parent=13184"}],"wp:term":[{"taxonomy":"product_brand","embeddable":true,"href":"https:\/\/www.carseatsandparts.com\/es\/wp-json\/wp\/v2\/product_brand?post=13184"},{"taxonomy":"product_cat","embeddable":true,"href":"https:\/\/www.carseatsandparts.com\/es\/wp-json\/wp\/v2\/product_cat?post=13184"},{"taxonomy":"product_tag","embeddable":true,"href":"https:\/\/www.carseatsandparts.com\/es\/wp-json\/wp\/v2\/product_tag?post=13184"}],"curies":[{"name":"wp","href":"https:\/\/api.w.org\/{rel}","templated":true}]}}