{"id":13807,"date":"2024-04-05T09:00:43","date_gmt":"2024-04-05T07:00:43","guid":{"rendered":"https:\/\/www.carseatsandparts.com\/?post_type=product&#038;p=13807"},"modified":"2025-12-16T21:35:40","modified_gmt":"2025-12-16T20:35:40","slug":"recaro-orthopad-schuimdeel-linkerzijwang-zitting-passagiersstoel","status":"publish","type":"product","link":"https:\/\/www.carseatsandparts.com\/es\/product\/recaro-orthopad-schuimdeel-linkerzijwang-zitting-passagiersstoel\/","title":{"rendered":"RECARO Orthop\u00e4d Pieza de espuma Panel lateral izquierdo Asiento del pasajero"},"content":{"rendered":"","protected":false},"excerpt":{"rendered":"RECARO Orthop\u00e4d parte de espuma lado izquierdo mejilla asiento pasajero asiento del coche. N\u00famero de art\u00edculo: 7208741","protected":false},"featured_media":13809,"comment_status":"open","ping_status":"closed","template":"","meta":{"_acf_changed":false},"product_brand":[1284],"product_cat":[1359,177],"product_tag":[1523,1522,946],"class_list":{"0":"post-13807","1":"product","2":"type-product","3":"status-publish","4":"has-post-thumbnail","6":"product_brand-recaro","7":"product_cat-recaro","8":"product_cat-zitting","9":"product_tag-1523","10":"product_tag-orthopad","11":"product_tag-recaro","12":"product_shipping_class-onderdelen-zijwang","14":"first","15":"instock","16":"taxable","17":"shipping-taxable","18":"purchasable","19":"product-type-simple"},"composite_virtual":false,"composite_layout":"","composite_add_to_cart_form_location":"","composite_editable_in_cart":false,"composite_sold_individually_context":"","composite_shop_price_calc":"","composite_components":[],"composite_scenarios":[],"exclude_global_add_ons":[],"addons":[],"acf":[],"yoast_head":null,"yoast_head_json":null,"_links":{"self":[{"href":"https:\/\/www.carseatsandparts.com\/es\/wp-json\/wp\/v2\/product\/13807","targetHints":{"allow":["GET"]}}],"collection":[{"href":"https:\/\/www.carseatsandparts.com\/es\/wp-json\/wp\/v2\/product"}],"about":[{"href":"https:\/\/www.carseatsandparts.com\/es\/wp-json\/wp\/v2\/types\/product"}],"replies":[{"embeddable":true,"href":"https:\/\/www.carseatsandparts.com\/es\/wp-json\/wp\/v2\/comments?post=13807"}],"wp:featuredmedia":[{"embeddable":true,"href":"https:\/\/www.carseatsandparts.com\/es\/wp-json\/wp\/v2\/media\/13809"}],"wp:attachment":[{"href":"https:\/\/www.carseatsandparts.com\/es\/wp-json\/wp\/v2\/media?parent=13807"}],"wp:term":[{"taxonomy":"product_brand","embeddable":true,"href":"https:\/\/www.carseatsandparts.com\/es\/wp-json\/wp\/v2\/product_brand?post=13807"},{"taxonomy":"product_cat","embeddable":true,"href":"https:\/\/www.carseatsandparts.com\/es\/wp-json\/wp\/v2\/product_cat?post=13807"},{"taxonomy":"product_tag","embeddable":true,"href":"https:\/\/www.carseatsandparts.com\/es\/wp-json\/wp\/v2\/product_tag?post=13807"}],"curies":[{"name":"wp","href":"https:\/\/api.w.org\/{rel}","templated":true}]}}