{"id":13959,"date":"2024-04-16T12:05:54","date_gmt":"2024-04-16T10:05:54","guid":{"rendered":"https:\/\/www.carseatsandparts.com\/?post_type=product&#038;p=13959"},"modified":"2025-01-21T11:34:57","modified_gmt":"2025-01-21T10:34:57","slug":"recaro-speed-star-bureaustoel","status":"publish","type":"product","link":"https:\/\/www.carseatsandparts.com\/es\/product\/recaro-speed-star-bureaustoel\/","title":{"rendered":"Silla de oficina RECARO Speed Star"},"content":{"rendered":"","protected":false},"excerpt":{"rendered":"La silla de oficina RECARO Speed Star tiene todo lo que una silla de oficina deportiva necesita. Acabado en una combinaci\u00f3n de cuero de imitaci\u00f3n y Dinamica negro con costuras rojas y rayas a juego. Con su nuevo tr\u00e1nsito de cintur\u00f3n, coj\u00edn de asiento largo y plano y su distintivo soporte de hombros y mejillas laterales, la RECARO Speed Star ofrece la introducci\u00f3n perfecta al mundo de las sillas ergon\u00f3micas deportivas de dise\u00f1o RECARO. La silla cuenta con ajuste de altura e inclinaci\u00f3n mediante un mecanismo basculante, apoyabrazos 3D y es apta para cualquier superficie.","protected":false},"featured_media":13960,"comment_status":"open","ping_status":"closed","template":"","meta":{"_acf_changed":false},"product_brand":[1284],"product_cat":[936,1359],"product_tag":[1515,1516,1518,1517,946,1512],"class_list":{"0":"post-13959","1":"product","2":"type-product","3":"status-publish","4":"has-post-thumbnail","6":"product_brand-recaro","7":"product_cat-diversen-producten","8":"product_cat-recaro","9":"product_tag-20055373-b47","10":"product_tag-bureaustoel","11":"product_tag-kantoorstoel","12":"product_tag-office-chair","13":"product_tag-recaro","14":"product_tag-speed-star","15":"product_shipping_class-auto-stoelen","17":"first","18":"onbackorder","19":"taxable","20":"shipping-taxable","21":"purchasable","22":"product-type-simple"},"composite_virtual":false,"composite_layout":"","composite_add_to_cart_form_location":"","composite_editable_in_cart":false,"composite_sold_individually_context":"","composite_shop_price_calc":"","composite_components":[],"composite_scenarios":[],"exclude_global_add_ons":[],"addons":[],"acf":[],"yoast_head":null,"yoast_head_json":null,"_links":{"self":[{"href":"https:\/\/www.carseatsandparts.com\/es\/wp-json\/wp\/v2\/product\/13959","targetHints":{"allow":["GET"]}}],"collection":[{"href":"https:\/\/www.carseatsandparts.com\/es\/wp-json\/wp\/v2\/product"}],"about":[{"href":"https:\/\/www.carseatsandparts.com\/es\/wp-json\/wp\/v2\/types\/product"}],"replies":[{"embeddable":true,"href":"https:\/\/www.carseatsandparts.com\/es\/wp-json\/wp\/v2\/comments?post=13959"}],"wp:featuredmedia":[{"embeddable":true,"href":"https:\/\/www.carseatsandparts.com\/es\/wp-json\/wp\/v2\/media\/13960"}],"wp:attachment":[{"href":"https:\/\/www.carseatsandparts.com\/es\/wp-json\/wp\/v2\/media?parent=13959"}],"wp:term":[{"taxonomy":"product_brand","embeddable":true,"href":"https:\/\/www.carseatsandparts.com\/es\/wp-json\/wp\/v2\/product_brand?post=13959"},{"taxonomy":"product_cat","embeddable":true,"href":"https:\/\/www.carseatsandparts.com\/es\/wp-json\/wp\/v2\/product_cat?post=13959"},{"taxonomy":"product_tag","embeddable":true,"href":"https:\/\/www.carseatsandparts.com\/es\/wp-json\/wp\/v2\/product_tag?post=13959"}],"curies":[{"name":"wp","href":"https:\/\/api.w.org\/{rel}","templated":true}]}}