{"id":14053,"date":"2024-04-29T11:19:48","date_gmt":"2024-04-29T09:19:48","guid":{"rendered":"https:\/\/www.carseatsandparts.com\/?post_type=product&#038;p=14053"},"modified":"2025-05-26T08:48:02","modified_gmt":"2025-05-26T06:48:02","slug":"recaro-pole-position-abe-dinamica-jersey-rood","status":"publish","type":"product","link":"https:\/\/www.carseatsandparts.com\/es\/product\/recaro-pole-position-abe-dinamica-jersey-rood\/","title":{"rendered":"RECARO Pole Position ABE Dinamica\/Jersey rojo"},"content":{"rendered":"","protected":false},"excerpt":{"rendered":"RECARO Pole Position ABE acabado en Dinamica y Jersey rojo con un peque\u00f1o logo RECARO negro. N\u00famero de art\u00edculo 070.77.0S08","protected":false},"featured_media":16574,"comment_status":"open","ping_status":"closed","template":"","meta":{"_acf_changed":false},"product_brand":[1284],"product_cat":[112,1359],"product_tag":[1140,1648,1345,946],"class_list":{"0":"post-14053","1":"product","2":"type-product","3":"status-publish","4":"has-post-thumbnail","6":"product_brand-recaro","7":"product_cat-nieuwe-autostoelen","8":"product_cat-recaro","9":"product_tag-070-77-0s08","10":"product_tag-jersey","11":"product_tag-pole-position-abe","12":"product_tag-recaro","13":"product_shipping_class-auto-stoelen","15":"first","16":"onbackorder","17":"taxable","18":"shipping-taxable","19":"purchasable","20":"product-type-simple"},"composite_virtual":false,"composite_layout":"","composite_add_to_cart_form_location":"","composite_editable_in_cart":false,"composite_sold_individually_context":"","composite_shop_price_calc":"","composite_components":[],"composite_scenarios":[],"exclude_global_add_ons":[],"addons":[],"acf":[],"yoast_head":null,"yoast_head_json":null,"_links":{"self":[{"href":"https:\/\/www.carseatsandparts.com\/es\/wp-json\/wp\/v2\/product\/14053","targetHints":{"allow":["GET"]}}],"collection":[{"href":"https:\/\/www.carseatsandparts.com\/es\/wp-json\/wp\/v2\/product"}],"about":[{"href":"https:\/\/www.carseatsandparts.com\/es\/wp-json\/wp\/v2\/types\/product"}],"replies":[{"embeddable":true,"href":"https:\/\/www.carseatsandparts.com\/es\/wp-json\/wp\/v2\/comments?post=14053"}],"wp:featuredmedia":[{"embeddable":true,"href":"https:\/\/www.carseatsandparts.com\/es\/wp-json\/wp\/v2\/media\/16574"}],"wp:attachment":[{"href":"https:\/\/www.carseatsandparts.com\/es\/wp-json\/wp\/v2\/media?parent=14053"}],"wp:term":[{"taxonomy":"product_brand","embeddable":true,"href":"https:\/\/www.carseatsandparts.com\/es\/wp-json\/wp\/v2\/product_brand?post=14053"},{"taxonomy":"product_cat","embeddable":true,"href":"https:\/\/www.carseatsandparts.com\/es\/wp-json\/wp\/v2\/product_cat?post=14053"},{"taxonomy":"product_tag","embeddable":true,"href":"https:\/\/www.carseatsandparts.com\/es\/wp-json\/wp\/v2\/product_tag?post=14053"}],"curies":[{"name":"wp","href":"https:\/\/api.w.org\/{rel}","templated":true}]}}