{"id":14379,"date":"2024-06-18T11:01:22","date_gmt":"2024-06-18T09:01:22","guid":{"rendered":"https:\/\/www.carseatsandparts.com\/?post_type=product&#038;p=14379"},"modified":"2025-03-24T14:09:47","modified_gmt":"2025-03-24T13:09:47","slug":"scania-r4-zitting-bouwjaar-1996-2004","status":"publish","type":"product","link":"https:\/\/www.carseatsandparts.com\/es\/producto\/scania-r4-zitting-bouwjaar-1996-2004\/","title":{"rendered":"Asiento Scania R4 A\u00f1o de construcci\u00f3n. 1996 - 2004"},"content":{"rendered":"","protected":false},"excerpt":{"rendered":"<strong data-start=\"0\" data-end=\"60\">Pieza de espuma para el asiento de un Scania R4 (1996-2004)<\/strong>\r\n\r\n<strong data-start=\"64\" data-end=\"107\">Recupere la comodidad de los asientos de su Scania R4<\/strong>\r\n\r\nUn asiento desgastado o hundido puede reducir significativamente el confort de conducci\u00f3n, especialmente en viajes largos. Dise\u00f1ada espec\u00edficamente para el Scania R4, esta pieza de espuma de repuesto ayuda a restaurar el soporte y la posici\u00f3n de asiento originales, permiti\u00e9ndole volver a conducir de forma c\u00f3moda y ergon\u00f3mica.","protected":false},"featured_media":14380,"comment_status":"open","ping_status":"closed","template":"","meta":{"_acf_changed":false},"product_brand":[],"product_cat":[177],"product_tag":[1806],"class_list":{"0":"post-14379","1":"product","2":"type-product","3":"status-publish","4":"has-post-thumbnail","6":"product_cat-zitting","7":"product_tag-bestell-nr-11","8":"product_shipping_class-onderdelen-console","10":"first","11":"instock","12":"taxable","13":"shipping-taxable","14":"purchasable","15":"product-type-simple"},"composite_virtual":false,"composite_layout":"","composite_add_to_cart_form_location":"","composite_editable_in_cart":false,"composite_sold_individually_context":"","composite_shop_price_calc":"","composite_components":[],"composite_scenarios":[],"exclude_global_add_ons":[],"addons":[],"acf":[],"yoast_head":null,"yoast_head_json":null,"_links":{"self":[{"href":"https:\/\/www.carseatsandparts.com\/es\/wp-json\/wp\/v2\/product\/14379","targetHints":{"allow":["GET"]}}],"collection":[{"href":"https:\/\/www.carseatsandparts.com\/es\/wp-json\/wp\/v2\/product"}],"about":[{"href":"https:\/\/www.carseatsandparts.com\/es\/wp-json\/wp\/v2\/types\/product"}],"replies":[{"embeddable":true,"href":"https:\/\/www.carseatsandparts.com\/es\/wp-json\/wp\/v2\/comments?post=14379"}],"wp:featuredmedia":[{"embeddable":true,"href":"https:\/\/www.carseatsandparts.com\/es\/wp-json\/wp\/v2\/media\/14380"}],"wp:attachment":[{"href":"https:\/\/www.carseatsandparts.com\/es\/wp-json\/wp\/v2\/media?parent=14379"}],"wp:term":[{"taxonomy":"product_brand","embeddable":true,"href":"https:\/\/www.carseatsandparts.com\/es\/wp-json\/wp\/v2\/product_brand?post=14379"},{"taxonomy":"product_cat","embeddable":true,"href":"https:\/\/www.carseatsandparts.com\/es\/wp-json\/wp\/v2\/product_cat?post=14379"},{"taxonomy":"product_tag","embeddable":true,"href":"https:\/\/www.carseatsandparts.com\/es\/wp-json\/wp\/v2\/product_tag?post=14379"}],"curies":[{"name":"wp","href":"https:\/\/api.w.org\/{rel}","templated":true}]}}