{"id":14383,"date":"2024-06-18T11:14:02","date_gmt":"2024-06-18T09:14:02","guid":{"rendered":"https:\/\/www.carseatsandparts.com\/?post_type=product&#038;p=14383"},"modified":"2025-03-24T14:14:06","modified_gmt":"2025-03-24T13:14:06","slug":"alfa-romeo-spider-short-duetto-zitting-bouwjaar-1962-1978","status":"publish","type":"product","link":"https:\/\/www.carseatsandparts.com\/es\/product\/alfa-romeo-spider-short-duetto-zitting-bouwjaar-1962-1978\/","title":{"rendered":"Asiento Alfa Romeo Spider Corto \/ Duetto A\u00f1o de construcci\u00f3n. 1962 - 1978"},"content":{"rendered":"","protected":false},"excerpt":{"rendered":"<strong data-start=\"0\" data-end=\"90\">Schuimdeel voor de zitting van een Alfa Romeo Spider Short Tail \/ Duetto (1962 &#8211; 1978)<\/strong>\r\n\r\n<strong data-start=\"94\" data-end=\"165\">Recupere el confort de asiento original de su Alfa Romeo Spider cl\u00e1sico<\/strong>\r\n\r\nPara los amantes de los Alfa Romeo cl\u00e1sicos, la comodidad es tan importante como el aspecto. Esta pieza de espuma de recambio de alta calidad devolver\u00e1 al asiento de su Alfa Romeo Spider Short Tail \/ Duetto su soporte y ergonom\u00eda originales, permiti\u00e9ndole disfrutar plenamente de cada conducci\u00f3n.","protected":false},"featured_media":14384,"comment_status":"open","ping_status":"closed","template":"","meta":{"_acf_changed":false},"product_brand":[],"product_cat":[2307,177],"product_tag":[1816],"class_list":{"0":"post-14383","1":"product","2":"type-product","3":"status-publish","4":"has-post-thumbnail","6":"product_cat-alfa-romeo","7":"product_cat-zitting","8":"product_tag-bestell-nr-13","9":"product_shipping_class-onderdelen-console","11":"first","12":"instock","13":"taxable","14":"shipping-taxable","15":"purchasable","16":"product-type-simple"},"composite_virtual":false,"composite_layout":"","composite_add_to_cart_form_location":"","composite_editable_in_cart":false,"composite_sold_individually_context":"","composite_shop_price_calc":"","composite_components":[],"composite_scenarios":[],"exclude_global_add_ons":[],"addons":[],"acf":[],"yoast_head":null,"yoast_head_json":null,"_links":{"self":[{"href":"https:\/\/www.carseatsandparts.com\/es\/wp-json\/wp\/v2\/product\/14383","targetHints":{"allow":["GET"]}}],"collection":[{"href":"https:\/\/www.carseatsandparts.com\/es\/wp-json\/wp\/v2\/product"}],"about":[{"href":"https:\/\/www.carseatsandparts.com\/es\/wp-json\/wp\/v2\/types\/product"}],"replies":[{"embeddable":true,"href":"https:\/\/www.carseatsandparts.com\/es\/wp-json\/wp\/v2\/comments?post=14383"}],"wp:featuredmedia":[{"embeddable":true,"href":"https:\/\/www.carseatsandparts.com\/es\/wp-json\/wp\/v2\/media\/14384"}],"wp:attachment":[{"href":"https:\/\/www.carseatsandparts.com\/es\/wp-json\/wp\/v2\/media?parent=14383"}],"wp:term":[{"taxonomy":"product_brand","embeddable":true,"href":"https:\/\/www.carseatsandparts.com\/es\/wp-json\/wp\/v2\/product_brand?post=14383"},{"taxonomy":"product_cat","embeddable":true,"href":"https:\/\/www.carseatsandparts.com\/es\/wp-json\/wp\/v2\/product_cat?post=14383"},{"taxonomy":"product_tag","embeddable":true,"href":"https:\/\/www.carseatsandparts.com\/es\/wp-json\/wp\/v2\/product_tag?post=14383"}],"curies":[{"name":"wp","href":"https:\/\/api.w.org\/{rel}","templated":true}]}}