{"id":14389,"date":"2024-06-18T11:30:57","date_gmt":"2024-06-18T09:30:57","guid":{"rendered":"https:\/\/www.carseatsandparts.com\/?post_type=product&#038;p=14389"},"modified":"2026-04-08T08:18:58","modified_gmt":"2026-04-08T06:18:58","slug":"mitsubishi-l300-zitting-bouwjaar-vanaf-1987","status":"publish","type":"product","link":"https:\/\/www.carseatsandparts.com\/es\/product\/mitsubishi-l300-zitting-bouwjaar-vanaf-1987\/","title":{"rendered":"Asiento Mitsubishi L300 A\u00f1o 1980 - 1998"},"content":{"rendered":"","protected":false},"excerpt":{"rendered":"<strong data-start=\"64\" data-end=\"131\">Schuimdeel voor Mitsubishi L300 (zitting) \u2013 Bouwjaar 1980 &#8211; 1998<\/strong>\r\n\r\nDespu\u00e9s de a\u00f1os de uso, la comodidad del asiento de su Mitsubishi L300 puede disminuir. Esta pieza de espuma de repuesto est\u00e1 especialmente dise\u00f1ada para restaurar el soporte original de su asiento y mejorar la comodidad de conducci\u00f3n.","protected":false},"featured_media":14390,"comment_status":"open","ping_status":"closed","template":"","meta":{"_acf_changed":false},"product_brand":[],"product_cat":[177],"product_tag":[1826],"class_list":{"0":"post-14389","1":"product","2":"type-product","3":"status-publish","4":"has-post-thumbnail","6":"product_cat-zitting","7":"product_tag-bestell-nr-16","8":"product_shipping_class-onderdelen-console","10":"first","11":"instock","12":"taxable","13":"shipping-taxable","14":"purchasable","15":"product-type-simple"},"composite_virtual":false,"composite_layout":"","composite_add_to_cart_form_location":"","composite_editable_in_cart":false,"composite_sold_individually_context":"","composite_shop_price_calc":"","composite_components":[],"composite_scenarios":[],"exclude_global_add_ons":[],"addons":[],"acf":[],"yoast_head":null,"yoast_head_json":null,"_links":{"self":[{"href":"https:\/\/www.carseatsandparts.com\/es\/wp-json\/wp\/v2\/product\/14389","targetHints":{"allow":["GET"]}}],"collection":[{"href":"https:\/\/www.carseatsandparts.com\/es\/wp-json\/wp\/v2\/product"}],"about":[{"href":"https:\/\/www.carseatsandparts.com\/es\/wp-json\/wp\/v2\/types\/product"}],"replies":[{"embeddable":true,"href":"https:\/\/www.carseatsandparts.com\/es\/wp-json\/wp\/v2\/comments?post=14389"}],"wp:featuredmedia":[{"embeddable":true,"href":"https:\/\/www.carseatsandparts.com\/es\/wp-json\/wp\/v2\/media\/14390"}],"wp:attachment":[{"href":"https:\/\/www.carseatsandparts.com\/es\/wp-json\/wp\/v2\/media?parent=14389"}],"wp:term":[{"taxonomy":"product_brand","embeddable":true,"href":"https:\/\/www.carseatsandparts.com\/es\/wp-json\/wp\/v2\/product_brand?post=14389"},{"taxonomy":"product_cat","embeddable":true,"href":"https:\/\/www.carseatsandparts.com\/es\/wp-json\/wp\/v2\/product_cat?post=14389"},{"taxonomy":"product_tag","embeddable":true,"href":"https:\/\/www.carseatsandparts.com\/es\/wp-json\/wp\/v2\/product_tag?post=14389"}],"curies":[{"name":"wp","href":"https:\/\/api.w.org\/{rel}","templated":true}]}}