{"id":14403,"date":"2024-06-18T13:42:04","date_gmt":"2024-06-18T11:42:04","guid":{"rendered":"https:\/\/www.carseatsandparts.com\/?post_type=product&#038;p=14403"},"modified":"2026-05-06T10:25:09","modified_gmt":"2026-05-06T08:25:09","slug":"mercedes-benz-sprinter-oud-vw-crafter-zitting","status":"publish","type":"product","link":"https:\/\/www.carseatsandparts.com\/es\/product\/mercedes-benz-sprinter-oud-vw-crafter-zitting\/","title":{"rendered":"Asiento Mercedes Benz Sprinter Old\/ VW Crafter"},"content":{"rendered":"","protected":false},"excerpt":{"rendered":"Schuimdeel geschikt voor Mercedes Benz Sprinter Oud\/ Volkswagen Crafter Zitting Bouwjaar. 1995 &#8211; 2006\r\n\r\n<strong>Pieza de espuma para Mercedes Sprinter \/ Volkswagen Crafter<\/strong>\r\nLa pieza de espuma para Mercedes Sprinter \/ Volkswagen Crafter es una soluci\u00f3n ideal para restaurar el soporte y la comodidad de asiento de su asiento de coche. Si su pieza de espuma actual est\u00e1 desgastada por a\u00f1os de uso o simplemente ya no proporciona el apoyo deseado, esta pieza de espuma de repuesto le ayudar\u00e1 a restaurar su asiento a las mejores condiciones.\r\n\r\n&nbsp;","protected":false},"featured_media":14404,"comment_status":"open","ping_status":"closed","template":"","meta":{"_acf_changed":false},"product_brand":[1647,1294],"product_cat":[2820,2841,177],"product_tag":[1845,1946,1644,1937,1646,973,1944],"class_list":{"0":"post-14403","1":"product","2":"type-product","3":"status-publish","4":"has-post-thumbnail","6":"product_brand-mercedes-benz","7":"product_brand-volkswagen","8":"product_cat-bedrijfswagens","9":"product_cat-schuimdelen-voor-bedrijfswagens","10":"product_cat-zitting","11":"product_tag-bestell-nr-24","12":"product_tag-crafter","13":"product_tag-mercedes-benz","14":"product_tag-schuimdeel","15":"product_tag-sprinter","16":"product_tag-volkswagen","17":"product_tag-zitting","18":"product_shipping_class-onderdelen-console","20":"first","21":"instock","22":"taxable","23":"shipping-taxable","24":"purchasable","25":"product-type-simple"},"composite_virtual":false,"composite_layout":"","composite_add_to_cart_form_location":"","composite_editable_in_cart":false,"composite_sold_individually_context":"","composite_shop_price_calc":"","composite_components":[],"composite_scenarios":[],"exclude_global_add_ons":[],"addons":[],"acf":[],"yoast_head":null,"yoast_head_json":null,"_links":{"self":[{"href":"https:\/\/www.carseatsandparts.com\/es\/wp-json\/wp\/v2\/product\/14403","targetHints":{"allow":["GET"]}}],"collection":[{"href":"https:\/\/www.carseatsandparts.com\/es\/wp-json\/wp\/v2\/product"}],"about":[{"href":"https:\/\/www.carseatsandparts.com\/es\/wp-json\/wp\/v2\/types\/product"}],"replies":[{"embeddable":true,"href":"https:\/\/www.carseatsandparts.com\/es\/wp-json\/wp\/v2\/comments?post=14403"}],"wp:featuredmedia":[{"embeddable":true,"href":"https:\/\/www.carseatsandparts.com\/es\/wp-json\/wp\/v2\/media\/14404"}],"wp:attachment":[{"href":"https:\/\/www.carseatsandparts.com\/es\/wp-json\/wp\/v2\/media?parent=14403"}],"wp:term":[{"taxonomy":"product_brand","embeddable":true,"href":"https:\/\/www.carseatsandparts.com\/es\/wp-json\/wp\/v2\/product_brand?post=14403"},{"taxonomy":"product_cat","embeddable":true,"href":"https:\/\/www.carseatsandparts.com\/es\/wp-json\/wp\/v2\/product_cat?post=14403"},{"taxonomy":"product_tag","embeddable":true,"href":"https:\/\/www.carseatsandparts.com\/es\/wp-json\/wp\/v2\/product_tag?post=14403"}],"curies":[{"name":"wp","href":"https:\/\/api.w.org\/{rel}","templated":true}]}}