{"id":14409,"date":"2024-06-18T13:59:25","date_gmt":"2024-06-18T11:59:25","guid":{"rendered":"https:\/\/www.carseatsandparts.com\/?post_type=product&#038;p=14409"},"modified":"2025-12-19T14:38:12","modified_gmt":"2025-12-19T13:38:12","slug":"isri-zitting-zonder-uitsparing","status":"publish","type":"product","link":"https:\/\/www.carseatsandparts.com\/es\/product\/isri-zitting-zonder-uitsparing\/","title":{"rendered":"Asiento ISRI - sin recorte"},"content":{"rendered":"","protected":false},"excerpt":{"rendered":"Pieza de espuma adecuada para un asiento ISRI, sin recorte\r\n\r\nPieza de espuma para ISRI\r\nLa pieza de espuma para ISRI es una soluci\u00f3n ideal para restaurar el soporte y el confort del asiento de su coche. Si su actual pieza de espuma est\u00e1 desgastada por a\u00f1os de uso o simplemente ya no proporciona el apoyo deseado, esta pieza de espuma de repuesto le ayudar\u00e1 a restaurar su asiento a las mejores condiciones.\r\n\r\nPrincipales ventajas:\r\nMayor comodidad: Restaura el soporte original y proporciona una experiencia de asiento c\u00f3moda.\r\nDurabilidad: Fabricada con espuma de alta calidad resistente al desgaste y para un uso prolongado.\r\nF\u00e1cil de sustituir: Esta pieza de espuma est\u00e1 dise\u00f1ada para una f\u00e1cil sustituci\u00f3n.\r\nAjuste perfecto: Especialmente dise\u00f1ada para adaptarse perfectamente al dise\u00f1o original del asiento ISRI.\r\n\r\n\u00bfPor qu\u00e9 sustituir una pieza de espuma?\r\nCon el tiempo, la espuma de los asientos de coche puede perder su forma, lo que reduce la sujeci\u00f3n y el confort. Sustituir la pieza de espuma es una forma pr\u00e1ctica y asequible de restaurar el confort del asiento y prolongar su vida \u00fatil. Esto es especialmente importante para las personas que recorren muchos kil\u00f3metros y para quienes valoran los asientos ergon\u00f3micos.","protected":false},"featured_media":14410,"comment_status":"open","ping_status":"closed","template":"","meta":{"_acf_changed":false},"product_brand":[1960],"product_cat":[177],"product_tag":[1852,1959,1937,1944],"class_list":{"0":"post-14409","1":"product","2":"type-product","3":"status-publish","4":"has-post-thumbnail","6":"product_brand-isri","7":"product_cat-zitting","8":"product_tag-bestell-nr-27","9":"product_tag-isri","10":"product_tag-schuimdeel","11":"product_tag-zitting","12":"product_shipping_class-onderdelen-console","14":"first","15":"instock","16":"taxable","17":"shipping-taxable","18":"purchasable","19":"product-type-simple"},"composite_virtual":false,"composite_layout":"","composite_add_to_cart_form_location":"","composite_editable_in_cart":false,"composite_sold_individually_context":"","composite_shop_price_calc":"","composite_components":[],"composite_scenarios":[],"exclude_global_add_ons":[],"addons":[],"acf":[],"yoast_head":null,"yoast_head_json":null,"_links":{"self":[{"href":"https:\/\/www.carseatsandparts.com\/es\/wp-json\/wp\/v2\/product\/14409","targetHints":{"allow":["GET"]}}],"collection":[{"href":"https:\/\/www.carseatsandparts.com\/es\/wp-json\/wp\/v2\/product"}],"about":[{"href":"https:\/\/www.carseatsandparts.com\/es\/wp-json\/wp\/v2\/types\/product"}],"replies":[{"embeddable":true,"href":"https:\/\/www.carseatsandparts.com\/es\/wp-json\/wp\/v2\/comments?post=14409"}],"wp:featuredmedia":[{"embeddable":true,"href":"https:\/\/www.carseatsandparts.com\/es\/wp-json\/wp\/v2\/media\/14410"}],"wp:attachment":[{"href":"https:\/\/www.carseatsandparts.com\/es\/wp-json\/wp\/v2\/media?parent=14409"}],"wp:term":[{"taxonomy":"product_brand","embeddable":true,"href":"https:\/\/www.carseatsandparts.com\/es\/wp-json\/wp\/v2\/product_brand?post=14409"},{"taxonomy":"product_cat","embeddable":true,"href":"https:\/\/www.carseatsandparts.com\/es\/wp-json\/wp\/v2\/product_cat?post=14409"},{"taxonomy":"product_tag","embeddable":true,"href":"https:\/\/www.carseatsandparts.com\/es\/wp-json\/wp\/v2\/product_tag?post=14409"}],"curies":[{"name":"wp","href":"https:\/\/api.w.org\/{rel}","templated":true}]}}