{"id":14411,"date":"2024-06-18T14:04:27","date_gmt":"2024-06-18T12:04:27","guid":{"rendered":"https:\/\/www.carseatsandparts.com\/?post_type=product&#038;p=14411"},"modified":"2025-12-19T14:35:40","modified_gmt":"2025-12-19T13:35:40","slug":"isri-zitting-met-uitsparing","status":"publish","type":"product","link":"https:\/\/www.carseatsandparts.com\/es\/product\/isri-zitting-met-uitsparing\/","title":{"rendered":"Asiento ISRI - Con recorte"},"content":{"rendered":"","protected":false},"excerpt":{"rendered":"Pieza de espuma adecuada para un asiento ISRI, con recorte\r\n\r\nPieza de espuma para ISRI\r\nLa pieza de espuma para ISRI es una soluci\u00f3n ideal para restaurar el soporte y el confort del asiento de su coche. Si su actual pieza de espuma est\u00e1 desgastada por a\u00f1os de uso o simplemente ya no proporciona el apoyo deseado, esta pieza de espuma de repuesto le ayudar\u00e1 a restaurar su asiento a las mejores condiciones.","protected":false},"featured_media":14412,"comment_status":"open","ping_status":"closed","template":"","meta":{"_acf_changed":false},"product_brand":[1960],"product_cat":[177],"product_tag":[1854,1959,1937,1944],"class_list":{"0":"post-14411","1":"product","2":"type-product","3":"status-publish","4":"has-post-thumbnail","6":"product_brand-isri","7":"product_cat-zitting","8":"product_tag-bestell-nr-28","9":"product_tag-isri","10":"product_tag-schuimdeel","11":"product_tag-zitting","12":"product_shipping_class-onderdelen-console","14":"first","15":"instock","16":"taxable","17":"shipping-taxable","18":"purchasable","19":"product-type-simple"},"composite_virtual":false,"composite_layout":"","composite_add_to_cart_form_location":"","composite_editable_in_cart":false,"composite_sold_individually_context":"","composite_shop_price_calc":"","composite_components":[],"composite_scenarios":[],"exclude_global_add_ons":[],"addons":[],"acf":[],"yoast_head":null,"yoast_head_json":null,"_links":{"self":[{"href":"https:\/\/www.carseatsandparts.com\/es\/wp-json\/wp\/v2\/product\/14411","targetHints":{"allow":["GET"]}}],"collection":[{"href":"https:\/\/www.carseatsandparts.com\/es\/wp-json\/wp\/v2\/product"}],"about":[{"href":"https:\/\/www.carseatsandparts.com\/es\/wp-json\/wp\/v2\/types\/product"}],"replies":[{"embeddable":true,"href":"https:\/\/www.carseatsandparts.com\/es\/wp-json\/wp\/v2\/comments?post=14411"}],"wp:featuredmedia":[{"embeddable":true,"href":"https:\/\/www.carseatsandparts.com\/es\/wp-json\/wp\/v2\/media\/14412"}],"wp:attachment":[{"href":"https:\/\/www.carseatsandparts.com\/es\/wp-json\/wp\/v2\/media?parent=14411"}],"wp:term":[{"taxonomy":"product_brand","embeddable":true,"href":"https:\/\/www.carseatsandparts.com\/es\/wp-json\/wp\/v2\/product_brand?post=14411"},{"taxonomy":"product_cat","embeddable":true,"href":"https:\/\/www.carseatsandparts.com\/es\/wp-json\/wp\/v2\/product_cat?post=14411"},{"taxonomy":"product_tag","embeddable":true,"href":"https:\/\/www.carseatsandparts.com\/es\/wp-json\/wp\/v2\/product_tag?post=14411"}],"curies":[{"name":"wp","href":"https:\/\/api.w.org\/{rel}","templated":true}]}}