{"id":14454,"date":"2024-06-24T10:43:09","date_gmt":"2024-06-24T08:43:09","guid":{"rendered":"https:\/\/www.carseatsandparts.com\/?post_type=product&#038;p=14454"},"modified":"2025-12-18T13:33:47","modified_gmt":"2025-12-18T12:33:47","slug":"fiat-500-f-l-r-rugdeel-bouwjaar-1965-1975","status":"publish","type":"product","link":"https:\/\/www.carseatsandparts.com\/es\/product\/fiat-500-f-l-r-rugdeel-bouwjaar-1965-1975\/","title":{"rendered":"Fiat 500 F \/ L \/ R Secci\u00f3n trasera A\u00f1o de construcci\u00f3n. 1965 - 1975"},"content":{"rendered":"","protected":false},"excerpt":{"rendered":"Schuimdeel geschikt voor de Fiat 500 F \/ L \/ R rugleuning Bouwjaar: 1965 &#8211; 1975\r\n\r\nSchuimdeel voor Fiat 500 F \/ L \/ R\r\nHet schuimdeel voor Fiat 500 F \/ L \/ R is een ideale oplossing om de ondersteuning en het zitcomfort van uw autostoel te herstellen. Of uw huidige schuimdeel nu versleten is door jarenlang gebruik of simpelweg niet meer de gewenste ondersteuning biedt, dit vervangende schuimdeel helpt u om uw stoel weer in topconditie te brengen.\r\n\r\n&nbsp;","protected":false},"featured_media":14455,"comment_status":"open","ping_status":"closed","template":"","meta":{"_acf_changed":false},"product_brand":[1942],"product_cat":[178],"product_tag":[1905,1923,1930,1937],"class_list":{"0":"post-14454","1":"product","2":"type-product","3":"status-publish","4":"has-post-thumbnail","6":"product_brand-fiat","7":"product_cat-rugleuning","8":"product_tag-bestell-nr-50","9":"product_tag-fiat","10":"product_tag-rugleuning","11":"product_tag-schuimdeel","12":"product_shipping_class-onderdelen-console","14":"first","15":"instock","16":"taxable","17":"shipping-taxable","18":"purchasable","19":"product-type-simple"},"composite_virtual":false,"composite_layout":"","composite_add_to_cart_form_location":"","composite_editable_in_cart":false,"composite_sold_individually_context":"","composite_shop_price_calc":"","composite_components":[],"composite_scenarios":[],"exclude_global_add_ons":[],"addons":[],"acf":[],"yoast_head":null,"yoast_head_json":null,"_links":{"self":[{"href":"https:\/\/www.carseatsandparts.com\/es\/wp-json\/wp\/v2\/product\/14454","targetHints":{"allow":["GET"]}}],"collection":[{"href":"https:\/\/www.carseatsandparts.com\/es\/wp-json\/wp\/v2\/product"}],"about":[{"href":"https:\/\/www.carseatsandparts.com\/es\/wp-json\/wp\/v2\/types\/product"}],"replies":[{"embeddable":true,"href":"https:\/\/www.carseatsandparts.com\/es\/wp-json\/wp\/v2\/comments?post=14454"}],"wp:featuredmedia":[{"embeddable":true,"href":"https:\/\/www.carseatsandparts.com\/es\/wp-json\/wp\/v2\/media\/14455"}],"wp:attachment":[{"href":"https:\/\/www.carseatsandparts.com\/es\/wp-json\/wp\/v2\/media?parent=14454"}],"wp:term":[{"taxonomy":"product_brand","embeddable":true,"href":"https:\/\/www.carseatsandparts.com\/es\/wp-json\/wp\/v2\/product_brand?post=14454"},{"taxonomy":"product_cat","embeddable":true,"href":"https:\/\/www.carseatsandparts.com\/es\/wp-json\/wp\/v2\/product_cat?post=14454"},{"taxonomy":"product_tag","embeddable":true,"href":"https:\/\/www.carseatsandparts.com\/es\/wp-json\/wp\/v2\/product_tag?post=14454"}],"curies":[{"name":"wp","href":"https:\/\/api.w.org\/{rel}","templated":true}]}}