{"id":14463,"date":"2024-06-24T12:07:04","date_gmt":"2024-06-24T10:07:04","guid":{"rendered":"https:\/\/www.carseatsandparts.com\/?post_type=product&#038;p=14463"},"modified":"2026-05-13T11:31:44","modified_gmt":"2026-05-13T09:31:44","slug":"volkswagen-golf-4-zitting-bouwjaar-1997-2006","status":"publish","type":"product","link":"https:\/\/www.carseatsandparts.com\/es\/product\/volkswagen-golf-4-zitting-bouwjaar-1997-2006\/","title":{"rendered":"Volkswagen Golf 4 Asientos A\u00f1o de construcci\u00f3n. 1997 - 2006"},"content":{"rendered":"","protected":false},"excerpt":{"rendered":"Schuimdeel geschikt voor de Volkswagen Golf 4 Zitting Bouwjaar. 1997 &#8211; 2006\r\n\r\n<strong>Pieza de espuma para Volkswagen Golf 4<\/strong>\r\n\r\nLa pieza de espuma para Volkswagen Golf 4 es una soluci\u00f3n ideal para restaurar el soporte y la comodidad de asiento de su asiento de coche. Si su pieza de espuma actual est\u00e1 desgastada por a\u00f1os de uso o simplemente ya no proporciona el apoyo deseado, esta pieza de espuma de repuesto le ayudar\u00e1 a restaurar su asiento a las mejores condiciones.","protected":false},"featured_media":14464,"comment_status":"open","ping_status":"closed","template":"","meta":{"_acf_changed":false},"product_brand":[1294],"product_cat":[177],"product_tag":[1164,1408,1937,973,1944],"class_list":{"0":"post-14463","1":"product","2":"type-product","3":"status-publish","4":"has-post-thumbnail","6":"product_brand-volkswagen","7":"product_cat-zitting","8":"product_tag-bestell-nr-60","9":"product_tag-golf-4","10":"product_tag-schuimdeel","11":"product_tag-volkswagen","12":"product_tag-zitting","13":"product_shipping_class-onderdelen-console","15":"first","16":"instock","17":"taxable","18":"shipping-taxable","19":"purchasable","20":"product-type-simple"},"composite_virtual":false,"composite_layout":"","composite_add_to_cart_form_location":"","composite_editable_in_cart":false,"composite_sold_individually_context":"","composite_shop_price_calc":"","composite_components":[],"composite_scenarios":[],"exclude_global_add_ons":[],"addons":[],"acf":[],"yoast_head":null,"yoast_head_json":null,"_links":{"self":[{"href":"https:\/\/www.carseatsandparts.com\/es\/wp-json\/wp\/v2\/product\/14463","targetHints":{"allow":["GET"]}}],"collection":[{"href":"https:\/\/www.carseatsandparts.com\/es\/wp-json\/wp\/v2\/product"}],"about":[{"href":"https:\/\/www.carseatsandparts.com\/es\/wp-json\/wp\/v2\/types\/product"}],"replies":[{"embeddable":true,"href":"https:\/\/www.carseatsandparts.com\/es\/wp-json\/wp\/v2\/comments?post=14463"}],"wp:featuredmedia":[{"embeddable":true,"href":"https:\/\/www.carseatsandparts.com\/es\/wp-json\/wp\/v2\/media\/14464"}],"wp:attachment":[{"href":"https:\/\/www.carseatsandparts.com\/es\/wp-json\/wp\/v2\/media?parent=14463"}],"wp:term":[{"taxonomy":"product_brand","embeddable":true,"href":"https:\/\/www.carseatsandparts.com\/es\/wp-json\/wp\/v2\/product_brand?post=14463"},{"taxonomy":"product_cat","embeddable":true,"href":"https:\/\/www.carseatsandparts.com\/es\/wp-json\/wp\/v2\/product_cat?post=14463"},{"taxonomy":"product_tag","embeddable":true,"href":"https:\/\/www.carseatsandparts.com\/es\/wp-json\/wp\/v2\/product_tag?post=14463"}],"curies":[{"name":"wp","href":"https:\/\/api.w.org\/{rel}","templated":true}]}}