{"id":14484,"date":"2024-07-01T14:48:13","date_gmt":"2024-07-01T12:48:13","guid":{"rendered":"https:\/\/www.carseatsandparts.com\/?post_type=product&#038;p=14484"},"modified":"2026-05-13T11:30:05","modified_gmt":"2026-05-13T09:30:05","slug":"volkswagen-caddy-amarok-zitting","status":"publish","type":"product","link":"https:\/\/www.carseatsandparts.com\/es\/product\/volkswagen-caddy-amarok-zitting\/","title":{"rendered":"Volkswagen Caddy \/ Amarok Asiento"},"content":{"rendered":"","protected":false},"excerpt":{"rendered":"Pieza de espuma adecuada para el asiento de un Volkswagen Caddy y Amarok A\u00f1o de fabricaci\u00f3n 2004-2008\r\n\r\n<strong>Pieza de espuma para Volkswagen Caddy \/ Amarok<\/strong>\r\n\r\nLa pieza de espuma para Volkswagen Caddy \/ Amarok es una soluci\u00f3n ideal para restaurar el apoyo y la comodidad de asiento de su asiento de coche. Si su pieza de espuma actual est\u00e1 desgastada por a\u00f1os de uso o simplemente ya no proporciona el apoyo deseado, esta pieza de espuma de repuesto le ayudar\u00e1 a restaurar su asiento a las mejores condiciones.","protected":false},"featured_media":14485,"comment_status":"open","ping_status":"closed","template":"","meta":{"_acf_changed":false},"product_brand":[1294],"product_cat":[2820,2841,177],"product_tag":[1950,1920,1949,1937,973,1944],"class_list":{"0":"post-14484","1":"product","2":"type-product","3":"status-publish","4":"has-post-thumbnail","6":"product_brand-volkswagen","7":"product_cat-bedrijfswagens","8":"product_cat-schuimdelen-voor-bedrijfswagens","9":"product_cat-zitting","10":"product_tag-amarok","11":"product_tag-bestell-nr-67","12":"product_tag-caddy","13":"product_tag-schuimdeel","14":"product_tag-volkswagen","15":"product_tag-zitting","16":"product_shipping_class-onderdelen-console","18":"first","19":"instock","20":"taxable","21":"shipping-taxable","22":"purchasable","23":"product-type-simple"},"composite_virtual":false,"composite_layout":"","composite_add_to_cart_form_location":"","composite_editable_in_cart":false,"composite_sold_individually_context":"","composite_shop_price_calc":"","composite_components":[],"composite_scenarios":[],"exclude_global_add_ons":[],"addons":[],"acf":[],"yoast_head":null,"yoast_head_json":null,"_links":{"self":[{"href":"https:\/\/www.carseatsandparts.com\/es\/wp-json\/wp\/v2\/product\/14484","targetHints":{"allow":["GET"]}}],"collection":[{"href":"https:\/\/www.carseatsandparts.com\/es\/wp-json\/wp\/v2\/product"}],"about":[{"href":"https:\/\/www.carseatsandparts.com\/es\/wp-json\/wp\/v2\/types\/product"}],"replies":[{"embeddable":true,"href":"https:\/\/www.carseatsandparts.com\/es\/wp-json\/wp\/v2\/comments?post=14484"}],"wp:featuredmedia":[{"embeddable":true,"href":"https:\/\/www.carseatsandparts.com\/es\/wp-json\/wp\/v2\/media\/14485"}],"wp:attachment":[{"href":"https:\/\/www.carseatsandparts.com\/es\/wp-json\/wp\/v2\/media?parent=14484"}],"wp:term":[{"taxonomy":"product_brand","embeddable":true,"href":"https:\/\/www.carseatsandparts.com\/es\/wp-json\/wp\/v2\/product_brand?post=14484"},{"taxonomy":"product_cat","embeddable":true,"href":"https:\/\/www.carseatsandparts.com\/es\/wp-json\/wp\/v2\/product_cat?post=14484"},{"taxonomy":"product_tag","embeddable":true,"href":"https:\/\/www.carseatsandparts.com\/es\/wp-json\/wp\/v2\/product_tag?post=14484"}],"curies":[{"name":"wp","href":"https:\/\/api.w.org\/{rel}","templated":true}]}}