{"id":14690,"date":"2024-08-23T15:28:58","date_gmt":"2024-08-23T13:28:58","guid":{"rendered":"https:\/\/www.carseatsandparts.com\/?post_type=product&#038;p=14690"},"modified":"2025-12-19T14:12:11","modified_gmt":"2025-12-19T13:12:11","slug":"fiat-scudo-2-peugeot-expert-citroen-jumpy-toyota-proace","status":"publish","type":"product","link":"https:\/\/www.carseatsandparts.com\/es\/product\/fiat-scudo-2-peugeot-expert-citroen-jumpy-toyota-proace\/","title":{"rendered":"Fiat Scudo 2 \/ Peugeot Expert \/ Citroen Jumpy \/ Toyota Proace"},"content":{"rendered":"","protected":false},"excerpt":{"rendered":"Pieza de espuma adecuada para Fiat Scudo 2, Citro\u00ebn Jumpy, Toyota Proace y Peugeot Expert\r\n\r\n<strong>Pieza de espuma para Fiat Scudo 2, Citro\u00ebn Jumpy, Toyota Proace y Peugeot Expert<\/strong>\r\n\r\nLa pieza de espuma para Fiat Scudo 2, Citro\u00ebn Jumpy, Toyota Proace y Peugeot Expert es una soluci\u00f3n ideal para restaurar el soporte y la comodidad de asiento de su autom\u00f3vil. Si su pieza de espuma actual est\u00e1 desgastada por a\u00f1os de uso o simplemente ya no proporciona el apoyo deseado, esta pieza de espuma de repuesto le ayudar\u00e1 a restaurar su asiento a las mejores condiciones.","protected":false},"featured_media":14692,"comment_status":"open","ping_status":"closed","template":"","meta":{"_acf_changed":false},"product_brand":[1955,1942,1943,1977],"product_cat":[2820,2841,178,177],"product_tag":[1954,1289,1923,1974,1939,1976,1930,1937,1973,1975],"class_list":{"0":"post-14690","1":"product","2":"type-product","3":"status-publish","4":"has-post-thumbnail","6":"product_brand-citroen","7":"product_brand-fiat","8":"product_brand-peugeot","9":"product_brand-toyota","10":"product_cat-bedrijfswagens","11":"product_cat-schuimdelen-voor-bedrijfswagens","12":"product_cat-rugleuning","13":"product_cat-zitting","14":"product_tag-citroen","15":"product_tag-expert","16":"product_tag-fiat","17":"product_tag-jumpy","18":"product_tag-peugeot","19":"product_tag-proace","20":"product_tag-rugleuning","21":"product_tag-schuimdeel","22":"product_tag-scudo-2","23":"product_tag-toyota","24":"product_shipping_class-onderdelen-console","26":"first","27":"instock","28":"taxable","29":"shipping-taxable","30":"purchasable","31":"product-type-simple"},"composite_virtual":false,"composite_layout":"","composite_add_to_cart_form_location":"","composite_editable_in_cart":false,"composite_sold_individually_context":"","composite_shop_price_calc":"","composite_components":[],"composite_scenarios":[],"exclude_global_add_ons":[],"addons":[],"acf":[],"yoast_head":null,"yoast_head_json":null,"_links":{"self":[{"href":"https:\/\/www.carseatsandparts.com\/es\/wp-json\/wp\/v2\/product\/14690","targetHints":{"allow":["GET"]}}],"collection":[{"href":"https:\/\/www.carseatsandparts.com\/es\/wp-json\/wp\/v2\/product"}],"about":[{"href":"https:\/\/www.carseatsandparts.com\/es\/wp-json\/wp\/v2\/types\/product"}],"replies":[{"embeddable":true,"href":"https:\/\/www.carseatsandparts.com\/es\/wp-json\/wp\/v2\/comments?post=14690"}],"wp:featuredmedia":[{"embeddable":true,"href":"https:\/\/www.carseatsandparts.com\/es\/wp-json\/wp\/v2\/media\/14692"}],"wp:attachment":[{"href":"https:\/\/www.carseatsandparts.com\/es\/wp-json\/wp\/v2\/media?parent=14690"}],"wp:term":[{"taxonomy":"product_brand","embeddable":true,"href":"https:\/\/www.carseatsandparts.com\/es\/wp-json\/wp\/v2\/product_brand?post=14690"},{"taxonomy":"product_cat","embeddable":true,"href":"https:\/\/www.carseatsandparts.com\/es\/wp-json\/wp\/v2\/product_cat?post=14690"},{"taxonomy":"product_tag","embeddable":true,"href":"https:\/\/www.carseatsandparts.com\/es\/wp-json\/wp\/v2\/product_tag?post=14690"}],"curies":[{"name":"wp","href":"https:\/\/api.w.org\/{rel}","templated":true}]}}