{"id":14720,"date":"2024-08-30T10:01:29","date_gmt":"2024-08-30T08:01:29","guid":{"rendered":"https:\/\/www.carseatsandparts.com\/?post_type=product&#038;p=14720"},"modified":"2024-12-06T11:14:00","modified_gmt":"2024-12-06T10:14:00","slug":"pilot-grammer-luchtgeveerd-man-zitting","status":"publish","type":"product","link":"https:\/\/www.carseatsandparts.com\/es\/producto\/pilot-grammer-luchtgeveerd-man-zitting\/","title":{"rendered":"Suspensi\u00f3n neum\u00e1tica Pilot Grammer\/ Asiento MAN"},"content":{"rendered":"","protected":false},"excerpt":{"rendered":"Pieza de espuma adecuada para el asiento del Pilot Grammer con suspensi\u00f3n neum\u00e1tica\r\n\r\n<strong>Pieza de espuma para Pilot Grammer \/ MAN\u00a0<\/strong>\r\n\r\nLa pieza de espuma para Pilot Grammer \/ MAN es una soluci\u00f3n ideal para restaurar el soporte y la comodidad de asiento de su asiento de coche. Si su pieza de espuma actual est\u00e1 desgastada por a\u00f1os de uso o simplemente ya no proporciona el apoyo deseado, esta pieza de espuma de repuesto le ayudar\u00e1 a restaurar su asiento a las mejores condiciones.\r\n\r\n<strong>Ventajas clave:<\/strong>\r\n\r\nMayor comodidad: restablece el apoyo original y proporciona una c\u00f3moda experiencia de asiento.\r\n\r\n<strong>Sostenibilidad: <\/strong>Fabricada con espuma de alta calidad resistente al desgaste y para un uso prolongado.F\u00e1cil de sustituir: Esta pieza de espuma est\u00e1 dise\u00f1ada para una f\u00e1cil sustituci\u00f3n.\r\n\r\n<strong>Ajuste perfecto:<\/strong> Especialmente dise\u00f1ado para encajar perfectamente con el dise\u00f1o del asiento original de Pilot Grammer \/ MAN.\r\n\r\n<strong>\u00bfPor qu\u00e9 sustituir una pieza de espuma?<\/strong>\r\n\r\nCon el tiempo, la espuma de los asientos de coche puede perder su forma, lo que reduce la sujeci\u00f3n y el confort. Sustituir la espuma es una forma pr\u00e1ctica y asequible de recuperar el confort y prolongar la vida \u00fatil del asiento. Esto es especialmente importante para las personas que recorren muchos kil\u00f3metros y para quienes valoran los asientos ergon\u00f3micos.","protected":false},"featured_media":14721,"comment_status":"open","ping_status":"closed","template":"","meta":{"_acf_changed":false},"product_brand":[2011],"product_cat":[177],"product_tag":[1962,1914,2010,1937,1944],"class_list":{"0":"post-14720","1":"product","2":"type-product","3":"status-publish","4":"has-post-thumbnail","6":"product_brand-pilot","7":"product_cat-zitting","8":"product_tag-grammer","9":"product_tag-man","10":"product_tag-pilot","11":"product_tag-schuimdeel","12":"product_tag-zitting","13":"product_shipping_class-onderdelen-console","15":"first","16":"instock","17":"taxable","18":"shipping-taxable","19":"purchasable","20":"product-type-simple"},"composite_virtual":false,"composite_layout":"","composite_add_to_cart_form_location":"","composite_editable_in_cart":false,"composite_sold_individually_context":"","composite_shop_price_calc":"","composite_components":[],"composite_scenarios":[],"exclude_global_add_ons":[],"addons":[],"acf":[],"yoast_head":null,"yoast_head_json":null,"_links":{"self":[{"href":"https:\/\/www.carseatsandparts.com\/es\/wp-json\/wp\/v2\/product\/14720","targetHints":{"allow":["GET"]}}],"collection":[{"href":"https:\/\/www.carseatsandparts.com\/es\/wp-json\/wp\/v2\/product"}],"about":[{"href":"https:\/\/www.carseatsandparts.com\/es\/wp-json\/wp\/v2\/types\/product"}],"replies":[{"embeddable":true,"href":"https:\/\/www.carseatsandparts.com\/es\/wp-json\/wp\/v2\/comments?post=14720"}],"wp:featuredmedia":[{"embeddable":true,"href":"https:\/\/www.carseatsandparts.com\/es\/wp-json\/wp\/v2\/media\/14721"}],"wp:attachment":[{"href":"https:\/\/www.carseatsandparts.com\/es\/wp-json\/wp\/v2\/media?parent=14720"}],"wp:term":[{"taxonomy":"product_brand","embeddable":true,"href":"https:\/\/www.carseatsandparts.com\/es\/wp-json\/wp\/v2\/product_brand?post=14720"},{"taxonomy":"product_cat","embeddable":true,"href":"https:\/\/www.carseatsandparts.com\/es\/wp-json\/wp\/v2\/product_cat?post=14720"},{"taxonomy":"product_tag","embeddable":true,"href":"https:\/\/www.carseatsandparts.com\/es\/wp-json\/wp\/v2\/product_tag?post=14720"}],"curies":[{"name":"wp","href":"https:\/\/api.w.org\/{rel}","templated":true}]}}