{"id":14728,"date":"2024-08-30T10:47:12","date_gmt":"2024-08-30T08:47:12","guid":{"rendered":"https:\/\/www.carseatsandparts.com\/?post_type=product&#038;p=14728"},"modified":"2025-12-18T13:58:56","modified_gmt":"2025-12-18T12:58:56","slug":"jawa-cz-zitting","status":"publish","type":"product","link":"https:\/\/www.carseatsandparts.com\/es\/product\/jawa-cz-zitting\/","title":{"rendered":"Asiento Jawa-cz"},"content":{"rendered":"","protected":false},"excerpt":{"rendered":"Pieza de espuma adecuada para el asiento del Jawa-cz\r\n\r\n<strong>Pieza de espuma para Jawa-cz<\/strong>\r\n\r\nLa pieza de espuma para Jawa-cz es una soluci\u00f3n ideal para restaurar el soporte y la comodidad de asiento de su asiento de coche. Si su pieza de espuma actual est\u00e1 desgastada por a\u00f1os de uso o simplemente ya no proporciona el apoyo deseado, esta pieza de espuma de repuesto le ayudar\u00e1 a restaurar su asiento a las mejores condiciones.","protected":false},"featured_media":14729,"comment_status":"open","ping_status":"closed","template":"","meta":{"_acf_changed":false},"product_brand":[2020],"product_cat":[178],"product_tag":[2019,1937,1944],"class_list":{"0":"post-14728","1":"product","2":"type-product","3":"status-publish","4":"has-post-thumbnail","6":"product_brand-jawa-cz","7":"product_cat-rugleuning","8":"product_tag-jawa-cz","9":"product_tag-schuimdeel","10":"product_tag-zitting","11":"product_shipping_class-onderdelen-console","13":"first","14":"instock","15":"taxable","16":"shipping-taxable","17":"purchasable","18":"product-type-simple"},"composite_virtual":false,"composite_layout":"","composite_add_to_cart_form_location":"","composite_editable_in_cart":false,"composite_sold_individually_context":"","composite_shop_price_calc":"","composite_components":[],"composite_scenarios":[],"exclude_global_add_ons":[],"addons":[],"acf":[],"yoast_head":null,"yoast_head_json":null,"_links":{"self":[{"href":"https:\/\/www.carseatsandparts.com\/es\/wp-json\/wp\/v2\/product\/14728","targetHints":{"allow":["GET"]}}],"collection":[{"href":"https:\/\/www.carseatsandparts.com\/es\/wp-json\/wp\/v2\/product"}],"about":[{"href":"https:\/\/www.carseatsandparts.com\/es\/wp-json\/wp\/v2\/types\/product"}],"replies":[{"embeddable":true,"href":"https:\/\/www.carseatsandparts.com\/es\/wp-json\/wp\/v2\/comments?post=14728"}],"wp:featuredmedia":[{"embeddable":true,"href":"https:\/\/www.carseatsandparts.com\/es\/wp-json\/wp\/v2\/media\/14729"}],"wp:attachment":[{"href":"https:\/\/www.carseatsandparts.com\/es\/wp-json\/wp\/v2\/media?parent=14728"}],"wp:term":[{"taxonomy":"product_brand","embeddable":true,"href":"https:\/\/www.carseatsandparts.com\/es\/wp-json\/wp\/v2\/product_brand?post=14728"},{"taxonomy":"product_cat","embeddable":true,"href":"https:\/\/www.carseatsandparts.com\/es\/wp-json\/wp\/v2\/product_cat?post=14728"},{"taxonomy":"product_tag","embeddable":true,"href":"https:\/\/www.carseatsandparts.com\/es\/wp-json\/wp\/v2\/product_tag?post=14728"}],"curies":[{"name":"wp","href":"https:\/\/api.w.org\/{rel}","templated":true}]}}