{"id":14732,"date":"2024-08-30T11:22:17","date_gmt":"2024-08-30T09:22:17","guid":{"rendered":"https:\/\/www.carseatsandparts.com\/?post_type=product&#038;p=14732"},"modified":"2024-12-06T12:12:14","modified_gmt":"2024-12-06T11:12:14","slug":"mercedes-w107-hoofdsteun","status":"publish","type":"product","link":"https:\/\/www.carseatsandparts.com\/es\/producto\/mercedes-w107-hoofdsteun\/","title":{"rendered":"Reposacabezas Mercedes W107"},"content":{"rendered":"","protected":false},"excerpt":{"rendered":"Pieza de espuma adecuada para el reposacabezas de un Mercedes W107\r\n\r\n<strong>Pieza de espuma para Mercedes W107<\/strong>\r\n\r\nLa pieza de espuma para Mercedes W107 es una soluci\u00f3n ideal para restaurar el soporte y la comodidad del asiento de su coche. Si su pieza de espuma actual est\u00e1 desgastada por a\u00f1os de uso o simplemente ya no proporciona el apoyo deseado, esta pieza de espuma de repuesto le ayudar\u00e1 a restaurar su asiento a las mejores condiciones.\r\n\r\n<strong>Ventajas clave:<\/strong>\r\n\r\nMayor comodidad: restablece el apoyo original y proporciona una c\u00f3moda experiencia de asiento.\r\n\r\n<strong>Sostenibilidad: <\/strong>Fabricado con espuma de alta calidad resistente a la abrasi\u00f3n y para un uso prolongado.\r\n\r\nF\u00e1cil de sustituir: Esta pieza de espuma est\u00e1 dise\u00f1ada para una f\u00e1cil sustituci\u00f3n.\r\n\r\n<strong>Ajuste perfecto:<\/strong> Especialmente dise\u00f1ado para adaptarse perfectamente al dise\u00f1o original del asiento del Mercedes W107.\r\n\r\n<strong>\u00bfPor qu\u00e9 sustituir una pieza de espuma?<\/strong>\r\n\r\nCon el tiempo, la espuma de los asientos de coche puede perder su forma, lo que reduce la sujeci\u00f3n y el confort. Sustituir la espuma es una forma pr\u00e1ctica y asequible de recuperar el confort y prolongar la vida \u00fatil del asiento. Esto es especialmente importante para las personas que recorren muchos kil\u00f3metros y para quienes valoran los asientos ergon\u00f3micos.","protected":false},"featured_media":14733,"comment_status":"open","ping_status":"closed","template":"","meta":{"_acf_changed":false},"product_brand":[1647],"product_cat":[176],"product_tag":[1644,1937,2023],"class_list":{"0":"post-14732","1":"product","2":"type-product","3":"status-publish","4":"has-post-thumbnail","6":"product_brand-mercedes-benz","7":"product_cat-schuimdelen","8":"product_tag-mercedes-benz","9":"product_tag-schuimdeel","10":"product_tag-w107","11":"product_shipping_class-onderdelen-console","13":"first","14":"instock","15":"taxable","16":"shipping-taxable","17":"purchasable","18":"product-type-simple"},"composite_virtual":false,"composite_layout":"","composite_add_to_cart_form_location":"","composite_editable_in_cart":false,"composite_sold_individually_context":"","composite_shop_price_calc":"","composite_components":[],"composite_scenarios":[],"exclude_global_add_ons":[],"addons":[],"acf":[],"yoast_head":null,"yoast_head_json":null,"_links":{"self":[{"href":"https:\/\/www.carseatsandparts.com\/es\/wp-json\/wp\/v2\/product\/14732","targetHints":{"allow":["GET"]}}],"collection":[{"href":"https:\/\/www.carseatsandparts.com\/es\/wp-json\/wp\/v2\/product"}],"about":[{"href":"https:\/\/www.carseatsandparts.com\/es\/wp-json\/wp\/v2\/types\/product"}],"replies":[{"embeddable":true,"href":"https:\/\/www.carseatsandparts.com\/es\/wp-json\/wp\/v2\/comments?post=14732"}],"wp:featuredmedia":[{"embeddable":true,"href":"https:\/\/www.carseatsandparts.com\/es\/wp-json\/wp\/v2\/media\/14733"}],"wp:attachment":[{"href":"https:\/\/www.carseatsandparts.com\/es\/wp-json\/wp\/v2\/media?parent=14732"}],"wp:term":[{"taxonomy":"product_brand","embeddable":true,"href":"https:\/\/www.carseatsandparts.com\/es\/wp-json\/wp\/v2\/product_brand?post=14732"},{"taxonomy":"product_cat","embeddable":true,"href":"https:\/\/www.carseatsandparts.com\/es\/wp-json\/wp\/v2\/product_cat?post=14732"},{"taxonomy":"product_tag","embeddable":true,"href":"https:\/\/www.carseatsandparts.com\/es\/wp-json\/wp\/v2\/product_tag?post=14732"}],"curies":[{"name":"wp","href":"https:\/\/api.w.org\/{rel}","templated":true}]}}