{"id":14734,"date":"2024-08-30T13:22:34","date_gmt":"2024-08-30T11:22:34","guid":{"rendered":"https:\/\/www.carseatsandparts.com\/?post_type=product&#038;p=14734"},"modified":"2026-05-13T11:27:45","modified_gmt":"2026-05-13T09:27:45","slug":"triumph-spitfire-rugleuning","status":"publish","type":"product","link":"https:\/\/www.carseatsandparts.com\/es\/product\/triumph-spitfire-rugleuning\/","title":{"rendered":"Respaldo Triumph Spitfire"},"content":{"rendered":"","protected":false},"excerpt":{"rendered":"Pieza de espuma adecuada para el respaldo del Triumph Spitfire\r\n\r\n<strong>Pieza de espuma para Triumph Spitfire<\/strong>\r\n\r\nLa pieza de espuma para Triumph Spitfire es una soluci\u00f3n ideal para restaurar el soporte y la comodidad de asiento de su autom\u00f3vil. Tanto si su pieza de espuma actual est\u00e1 desgastada por a\u00f1os de uso como si simplemente ya no proporciona el apoyo deseado, esta pieza de espuma de repuesto le ayudar\u00e1 a restaurar su asiento para que vuelva a estar en las mejores condiciones.","protected":false},"featured_media":14735,"comment_status":"open","ping_status":"closed","template":"","meta":{"_acf_changed":false},"product_brand":[2029],"product_cat":[178],"product_tag":[1930,1937,2028,2027],"class_list":{"0":"post-14734","1":"product","2":"type-product","3":"status-publish","4":"has-post-thumbnail","6":"product_brand-triumph","7":"product_cat-rugleuning","8":"product_tag-rugleuning","9":"product_tag-schuimdeel","10":"product_tag-spitfire","11":"product_tag-triumph","12":"product_shipping_class-onderdelen-console","14":"first","15":"instock","16":"taxable","17":"shipping-taxable","18":"purchasable","19":"product-type-simple"},"composite_virtual":false,"composite_layout":"","composite_add_to_cart_form_location":"","composite_editable_in_cart":false,"composite_sold_individually_context":"","composite_shop_price_calc":"","composite_components":[],"composite_scenarios":[],"exclude_global_add_ons":[],"addons":[],"acf":[],"yoast_head":null,"yoast_head_json":null,"_links":{"self":[{"href":"https:\/\/www.carseatsandparts.com\/es\/wp-json\/wp\/v2\/product\/14734","targetHints":{"allow":["GET"]}}],"collection":[{"href":"https:\/\/www.carseatsandparts.com\/es\/wp-json\/wp\/v2\/product"}],"about":[{"href":"https:\/\/www.carseatsandparts.com\/es\/wp-json\/wp\/v2\/types\/product"}],"replies":[{"embeddable":true,"href":"https:\/\/www.carseatsandparts.com\/es\/wp-json\/wp\/v2\/comments?post=14734"}],"wp:featuredmedia":[{"embeddable":true,"href":"https:\/\/www.carseatsandparts.com\/es\/wp-json\/wp\/v2\/media\/14735"}],"wp:attachment":[{"href":"https:\/\/www.carseatsandparts.com\/es\/wp-json\/wp\/v2\/media?parent=14734"}],"wp:term":[{"taxonomy":"product_brand","embeddable":true,"href":"https:\/\/www.carseatsandparts.com\/es\/wp-json\/wp\/v2\/product_brand?post=14734"},{"taxonomy":"product_cat","embeddable":true,"href":"https:\/\/www.carseatsandparts.com\/es\/wp-json\/wp\/v2\/product_cat?post=14734"},{"taxonomy":"product_tag","embeddable":true,"href":"https:\/\/www.carseatsandparts.com\/es\/wp-json\/wp\/v2\/product_tag?post=14734"}],"curies":[{"name":"wp","href":"https:\/\/api.w.org\/{rel}","templated":true}]}}