{"id":14835,"date":"2024-09-24T16:56:04","date_gmt":"2024-09-24T14:56:04","guid":{"rendered":"https:\/\/www.carseatsandparts.com\/?post_type=product&#038;p=14835"},"modified":"2025-12-19T08:07:23","modified_gmt":"2025-12-19T07:07:23","slug":"alfa-romeo-coda-tronca","status":"publish","type":"product","link":"https:\/\/www.carseatsandparts.com\/es\/product\/alfa-romeo-coda-tronca\/","title":{"rendered":"Alfa Romeo Coda Tronca"},"content":{"rendered":"","protected":false},"excerpt":{"rendered":"Schuimdeel geschikt voor de Alfa Romeo Coda Tronca Bouwjaar: 1987 &#8211; 1994\r\n\r\n<strong>Pieza de espuma para Alfa Romeo Coda Tronca<\/strong>\r\n\r\nLa pieza de espuma para Alfa Romeo Coda Tronca es una soluci\u00f3n ideal para restaurar el soporte y la comodidad de asiento de su autom\u00f3vil. Si su pieza de espuma actual est\u00e1 desgastada por a\u00f1os de uso o simplemente ya no proporciona el apoyo deseado, esta pieza de espuma de repuesto le ayudar\u00e1 a restaurar su asiento a las mejores condiciones.","protected":false},"featured_media":14836,"comment_status":"open","ping_status":"closed","template":"","meta":{"_acf_changed":false},"product_brand":[2096],"product_cat":[2307,176],"product_tag":[2094,2095,1937],"class_list":{"0":"post-14835","1":"product","2":"type-product","3":"status-publish","4":"has-post-thumbnail","6":"product_brand-alfa-romeo","7":"product_cat-alfa-romeo","8":"product_cat-schuimdelen","9":"product_tag-alfa-romeo","10":"product_tag-coda-tronca","11":"product_tag-schuimdeel","12":"product_shipping_class-onderdelen-console","14":"first","15":"instock","16":"taxable","17":"shipping-taxable","18":"purchasable","19":"product-type-simple"},"composite_virtual":false,"composite_layout":"","composite_add_to_cart_form_location":"","composite_editable_in_cart":false,"composite_sold_individually_context":"","composite_shop_price_calc":"","composite_components":[],"composite_scenarios":[],"exclude_global_add_ons":[],"addons":[],"acf":[],"yoast_head":null,"yoast_head_json":null,"_links":{"self":[{"href":"https:\/\/www.carseatsandparts.com\/es\/wp-json\/wp\/v2\/product\/14835","targetHints":{"allow":["GET"]}}],"collection":[{"href":"https:\/\/www.carseatsandparts.com\/es\/wp-json\/wp\/v2\/product"}],"about":[{"href":"https:\/\/www.carseatsandparts.com\/es\/wp-json\/wp\/v2\/types\/product"}],"replies":[{"embeddable":true,"href":"https:\/\/www.carseatsandparts.com\/es\/wp-json\/wp\/v2\/comments?post=14835"}],"wp:featuredmedia":[{"embeddable":true,"href":"https:\/\/www.carseatsandparts.com\/es\/wp-json\/wp\/v2\/media\/14836"}],"wp:attachment":[{"href":"https:\/\/www.carseatsandparts.com\/es\/wp-json\/wp\/v2\/media?parent=14835"}],"wp:term":[{"taxonomy":"product_brand","embeddable":true,"href":"https:\/\/www.carseatsandparts.com\/es\/wp-json\/wp\/v2\/product_brand?post=14835"},{"taxonomy":"product_cat","embeddable":true,"href":"https:\/\/www.carseatsandparts.com\/es\/wp-json\/wp\/v2\/product_cat?post=14835"},{"taxonomy":"product_tag","embeddable":true,"href":"https:\/\/www.carseatsandparts.com\/es\/wp-json\/wp\/v2\/product_tag?post=14835"}],"curies":[{"name":"wp","href":"https:\/\/api.w.org\/{rel}","templated":true}]}}