{"id":14864,"date":"2024-10-01T12:00:03","date_gmt":"2024-10-01T10:00:03","guid":{"rendered":"https:\/\/www.carseatsandparts.com\/?post_type=product&#038;p=14864"},"modified":"2025-12-19T14:50:26","modified_gmt":"2025-12-19T13:50:26","slug":"iveco-daily-6","status":"publish","type":"product","link":"https:\/\/www.carseatsandparts.com\/es\/producto\/iveco-daily-6\/","title":{"rendered":"Iveco Daily 6"},"content":{"rendered":"","protected":false},"excerpt":{"rendered":"Pieza de espuma adecuada para el Iveco Daily 6 a partir de 2014\r\n\r\n<strong>Pieza de espuma para Iveco Daily 6<\/strong>\r\n\r\nLa pieza de espuma para Iveco Daily 6 es una soluci\u00f3n ideal para restaurar el soporte y la comodidad del asiento de su coche. Si su pieza de espuma actual est\u00e1 desgastada por a\u00f1os de uso o simplemente ya no proporciona el apoyo deseado, esta pieza de espuma de repuesto le ayudar\u00e1 a restaurar su asiento a las mejores condiciones.","protected":false},"featured_media":14865,"comment_status":"open","ping_status":"closed","template":"","meta":{"_acf_changed":false},"product_brand":[1958],"product_cat":[2820,176,2841],"product_tag":[2109,1957,1937],"class_list":{"0":"post-14864","1":"product","2":"type-product","3":"status-publish","4":"has-post-thumbnail","6":"product_brand-iveco","7":"product_cat-bedrijfswagens","8":"product_cat-schuimdelen","9":"product_cat-schuimdelen-voor-bedrijfswagens","10":"product_tag-daily","11":"product_tag-iveco","12":"product_tag-schuimdeel","13":"product_shipping_class-onderdelen-console","15":"first","16":"instock","17":"taxable","18":"shipping-taxable","19":"purchasable","20":"product-type-simple"},"composite_virtual":false,"composite_layout":"","composite_add_to_cart_form_location":"","composite_editable_in_cart":false,"composite_sold_individually_context":"","composite_shop_price_calc":"","composite_components":[],"composite_scenarios":[],"exclude_global_add_ons":[],"addons":[],"acf":[],"yoast_head":null,"yoast_head_json":null,"_links":{"self":[{"href":"https:\/\/www.carseatsandparts.com\/es\/wp-json\/wp\/v2\/product\/14864","targetHints":{"allow":["GET"]}}],"collection":[{"href":"https:\/\/www.carseatsandparts.com\/es\/wp-json\/wp\/v2\/product"}],"about":[{"href":"https:\/\/www.carseatsandparts.com\/es\/wp-json\/wp\/v2\/types\/product"}],"replies":[{"embeddable":true,"href":"https:\/\/www.carseatsandparts.com\/es\/wp-json\/wp\/v2\/comments?post=14864"}],"wp:featuredmedia":[{"embeddable":true,"href":"https:\/\/www.carseatsandparts.com\/es\/wp-json\/wp\/v2\/media\/14865"}],"wp:attachment":[{"href":"https:\/\/www.carseatsandparts.com\/es\/wp-json\/wp\/v2\/media?parent=14864"}],"wp:term":[{"taxonomy":"product_brand","embeddable":true,"href":"https:\/\/www.carseatsandparts.com\/es\/wp-json\/wp\/v2\/product_brand?post=14864"},{"taxonomy":"product_cat","embeddable":true,"href":"https:\/\/www.carseatsandparts.com\/es\/wp-json\/wp\/v2\/product_cat?post=14864"},{"taxonomy":"product_tag","embeddable":true,"href":"https:\/\/www.carseatsandparts.com\/es\/wp-json\/wp\/v2\/product_tag?post=14864"}],"curies":[{"name":"wp","href":"https:\/\/api.w.org\/{rel}","templated":true}]}}