{"id":14877,"date":"2024-10-01T16:16:08","date_gmt":"2024-10-01T14:16:08","guid":{"rendered":"https:\/\/www.carseatsandparts.com\/?post_type=product&#038;p=14877"},"modified":"2025-12-19T08:14:31","modified_gmt":"2025-12-19T07:14:31","slug":"daf-xf-cf","status":"publish","type":"product","link":"https:\/\/www.carseatsandparts.com\/es\/producto\/daf-xf-cf\/","title":{"rendered":"DAF XF \/ CF"},"content":{"rendered":"","protected":false},"excerpt":{"rendered":"Una nueva pieza de espuma adecuada para el DAF XF \/ CF\r\n\r\n<strong>Pieza de espuma para DAF XF \/ CF<\/strong>\r\n\r\nLa pieza de espuma para DAF XF \/ CF es una soluci\u00f3n ideal para restaurar el soporte y la comodidad de asiento de su veh\u00edculo. Si su pieza de espuma actual est\u00e1 desgastada por a\u00f1os de uso o simplemente ya no proporciona el apoyo deseado, esta pieza de espuma de repuesto le ayudar\u00e1 a restaurar su asiento a las mejores condiciones.","protected":false},"featured_media":14878,"comment_status":"open","ping_status":"closed","template":"","meta":{"_acf_changed":false},"product_brand":[2129],"product_cat":[176],"product_tag":[2128,2126,1937,2127],"class_list":{"0":"post-14877","1":"product","2":"type-product","3":"status-publish","4":"has-post-thumbnail","6":"product_brand-daf","7":"product_cat-schuimdelen","8":"product_tag-cf","9":"product_tag-daf","10":"product_tag-schuimdeel","11":"product_tag-xf","12":"product_shipping_class-onderdelen-console","14":"first","15":"instock","16":"taxable","17":"shipping-taxable","18":"purchasable","19":"product-type-simple"},"composite_virtual":false,"composite_layout":"","composite_add_to_cart_form_location":"","composite_editable_in_cart":false,"composite_sold_individually_context":"","composite_shop_price_calc":"","composite_components":[],"composite_scenarios":[],"exclude_global_add_ons":[],"addons":[],"acf":[],"yoast_head":null,"yoast_head_json":null,"_links":{"self":[{"href":"https:\/\/www.carseatsandparts.com\/es\/wp-json\/wp\/v2\/product\/14877","targetHints":{"allow":["GET"]}}],"collection":[{"href":"https:\/\/www.carseatsandparts.com\/es\/wp-json\/wp\/v2\/product"}],"about":[{"href":"https:\/\/www.carseatsandparts.com\/es\/wp-json\/wp\/v2\/types\/product"}],"replies":[{"embeddable":true,"href":"https:\/\/www.carseatsandparts.com\/es\/wp-json\/wp\/v2\/comments?post=14877"}],"wp:featuredmedia":[{"embeddable":true,"href":"https:\/\/www.carseatsandparts.com\/es\/wp-json\/wp\/v2\/media\/14878"}],"wp:attachment":[{"href":"https:\/\/www.carseatsandparts.com\/es\/wp-json\/wp\/v2\/media?parent=14877"}],"wp:term":[{"taxonomy":"product_brand","embeddable":true,"href":"https:\/\/www.carseatsandparts.com\/es\/wp-json\/wp\/v2\/product_brand?post=14877"},{"taxonomy":"product_cat","embeddable":true,"href":"https:\/\/www.carseatsandparts.com\/es\/wp-json\/wp\/v2\/product_cat?post=14877"},{"taxonomy":"product_tag","embeddable":true,"href":"https:\/\/www.carseatsandparts.com\/es\/wp-json\/wp\/v2\/product_tag?post=14877"}],"curies":[{"name":"wp","href":"https:\/\/api.w.org\/{rel}","templated":true}]}}