{"id":14915,"date":"2024-10-08T14:31:03","date_gmt":"2024-10-08T12:31:03","guid":{"rendered":"https:\/\/www.carseatsandparts.com\/?post_type=product&#038;p=14915"},"modified":"2026-05-06T12:33:19","modified_gmt":"2026-05-06T10:33:19","slug":"mercedes-sprinter-319-zitting","status":"publish","type":"product","link":"https:\/\/www.carseatsandparts.com\/es\/product\/mercedes-sprinter-319-zitting\/","title":{"rendered":"Mercedes Sprinter 319 Asiento"},"content":{"rendered":"","protected":false},"excerpt":{"rendered":"Pieza de espuma adecuada para el asiento del Mercedes Sprinter 319\r\n\r\n<strong>Pieza de espuma para Mercedes Sprinter 319<\/strong>\r\n\r\nLa pieza de espuma para Mercedes Sprinter 319 es una soluci\u00f3n ideal para restaurar el soporte y el confort del asiento de su veh\u00edculo. Si su pieza de espuma actual est\u00e1 desgastada por a\u00f1os de uso o simplemente ya no proporciona el apoyo deseado, esta pieza de espuma de repuesto le ayudar\u00e1 a restaurar su asiento a las mejores condiciones.\r\n\r\n&nbsp;","protected":false},"featured_media":14916,"comment_status":"open","ping_status":"closed","template":"","meta":{"_acf_changed":false},"product_brand":[1938],"product_cat":[2820,2841,177],"product_tag":[1644,1937,1646,1944],"class_list":{"0":"post-14915","1":"product","2":"type-product","3":"status-publish","4":"has-post-thumbnail","6":"product_brand-mercedes","7":"product_cat-bedrijfswagens","8":"product_cat-schuimdelen-voor-bedrijfswagens","9":"product_cat-zitting","10":"product_tag-mercedes-benz","11":"product_tag-schuimdeel","12":"product_tag-sprinter","13":"product_tag-zitting","14":"product_shipping_class-onderdelen-console","16":"first","17":"instock","18":"taxable","19":"shipping-taxable","20":"purchasable","21":"product-type-simple"},"composite_virtual":false,"composite_layout":"","composite_add_to_cart_form_location":"","composite_editable_in_cart":false,"composite_sold_individually_context":"","composite_shop_price_calc":"","composite_components":[],"composite_scenarios":[],"exclude_global_add_ons":[],"addons":[],"acf":[],"yoast_head":null,"yoast_head_json":null,"_links":{"self":[{"href":"https:\/\/www.carseatsandparts.com\/es\/wp-json\/wp\/v2\/product\/14915","targetHints":{"allow":["GET"]}}],"collection":[{"href":"https:\/\/www.carseatsandparts.com\/es\/wp-json\/wp\/v2\/product"}],"about":[{"href":"https:\/\/www.carseatsandparts.com\/es\/wp-json\/wp\/v2\/types\/product"}],"replies":[{"embeddable":true,"href":"https:\/\/www.carseatsandparts.com\/es\/wp-json\/wp\/v2\/comments?post=14915"}],"wp:featuredmedia":[{"embeddable":true,"href":"https:\/\/www.carseatsandparts.com\/es\/wp-json\/wp\/v2\/media\/14916"}],"wp:attachment":[{"href":"https:\/\/www.carseatsandparts.com\/es\/wp-json\/wp\/v2\/media?parent=14915"}],"wp:term":[{"taxonomy":"product_brand","embeddable":true,"href":"https:\/\/www.carseatsandparts.com\/es\/wp-json\/wp\/v2\/product_brand?post=14915"},{"taxonomy":"product_cat","embeddable":true,"href":"https:\/\/www.carseatsandparts.com\/es\/wp-json\/wp\/v2\/product_cat?post=14915"},{"taxonomy":"product_tag","embeddable":true,"href":"https:\/\/www.carseatsandparts.com\/es\/wp-json\/wp\/v2\/product_tag?post=14915"}],"curies":[{"name":"wp","href":"https:\/\/api.w.org\/{rel}","templated":true}]}}